{"id":6894,"date":"2021-12-22T00:00:00","date_gmt":"2021-12-22T00:00:00","guid":{"rendered":"https:\/\/miners.rocks\/product\/roter-bergkristall-xx-6\/"},"modified":"2022-01-26T07:52:35","modified_gmt":"2022-01-26T07:52:35","slug":"cristal-de-roche-rouge-xx-6","status":"publish","type":"product","link":"https:\/\/westgem.shop\/fr\/produit\/cristal-de-roche-rouge-xx-6\/","title":{"rendered":"\"Cristal de roche rouge\" - Tangerine Quartz xx"},"content":{"rendered":"<p>&nbsp;<\/p>\n<p><strong>TANGERINE Quartz<\/strong><\/p>\n<p><strong>CRISTAL DE MONTAGNE xx, parfois l\u00e9g\u00e8rement color\u00e9 en am\u00e9thyste, recouvert d'OXYDE DE FER rouge - principalement H\u00c9MATITE ou GOETHITE<\/strong><\/p>\n<p><strong>Rarement vu.<\/strong><\/p>\n<p>Lieu de d\u00e9couverte :<\/p>\n<p><strong>Lwena - District du Katanga - Congo - Afrique<\/strong><\/p>\n<p>Dimensions : 18 x 12 x 7 cm<\/p>\n<p>poids : <strong>1,2 kilogramme<\/strong><\/p>\n<p>La derni\u00e8re image montre le dessous des marches avec beaucoup de xx<\/p>","protected":false},"excerpt":{"rendered":"<p>&nbsp; TANGERINE Quartz CRISTAL DE MONTAGNE xx, parfois l\u00e9g\u00e8rement am\u00e9thyste, recouvert d'OXYDE DE FER rouge - principalement H\u00c9MATITE ou GOETHITE Rare \u00e0 voir. Lieu de d\u00e9couverte : Lwena - District du Katanga - Congo - Afrique Dimensions : 18 x 12 x 7 cm Poids : 1,2 kilogrammes La derni\u00e8re photo montre le dessous des marches avec de nombreux xx<\/p>","protected":false},"featured_media":6895,"template":"","meta":{"_acf_changed":false},"region":[62],"product_brand":[],"product_cat":[19],"product_tag":[],"class_list":{"0":"post-6894","1":"product","2":"type-product","3":"status-publish","4":"has-post-thumbnail","6":"region-afrika","7":"product_cat-kristallstufen","9":"first","10":"instock","11":"sold-individually","12":"purchasable","13":"product-type-simple"},"acf":[],"_links":{"self":[{"href":"https:\/\/westgem.shop\/fr\/wp-json\/wp\/v2\/product\/6894","targetHints":{"allow":["GET"]}}],"collection":[{"href":"https:\/\/westgem.shop\/fr\/wp-json\/wp\/v2\/product"}],"about":[{"href":"https:\/\/westgem.shop\/fr\/wp-json\/wp\/v2\/types\/product"}],"wp:featuredmedia":[{"embeddable":true,"href":"https:\/\/westgem.shop\/fr\/wp-json\/wp\/v2\/media\/6895"}],"wp:attachment":[{"href":"https:\/\/westgem.shop\/fr\/wp-json\/wp\/v2\/media?parent=6894"}],"wp:term":[{"taxonomy":"region","embeddable":true,"href":"https:\/\/westgem.shop\/fr\/wp-json\/wp\/v2\/region?post=6894"},{"taxonomy":"product_brand","embeddable":true,"href":"https:\/\/westgem.shop\/fr\/wp-json\/wp\/v2\/product_brand?post=6894"},{"taxonomy":"product_cat","embeddable":true,"href":"https:\/\/westgem.shop\/fr\/wp-json\/wp\/v2\/product_cat?post=6894"},{"taxonomy":"product_tag","embeddable":true,"href":"https:\/\/westgem.shop\/fr\/wp-json\/wp\/v2\/product_tag?post=6894"}],"curies":[{"name":"wp","href":"https:\/\/api.w.org\/{rel}","templated":true}]}}