{"id":6900,"date":"2021-12-22T00:00:00","date_gmt":"2021-12-22T00:00:00","guid":{"rendered":"https:\/\/miners.rocks\/product\/super-prehnit-xx\/"},"modified":"2022-06-10T06:22:10","modified_gmt":"2022-06-10T06:22:10","slug":"super-prehnit-xx","status":"publish","type":"product","link":"https:\/\/westgem.shop\/fr\/produit\/super-prehnit-xx\/","title":{"rendered":"PREHNIT xx - Namibie"},"content":{"rendered":"<p><strong>Super niveau de cette PREHNITE verte que l'on voit plut\u00f4t RAREMENT.<\/strong><\/p>\n<p>&nbsp;<\/p>\n<p><strong>Prehnite<\/strong> est un min\u00e9ral de la classe des silicates et des germanates, de formule chimique Ca2Al<\/p>\n<p>La particularit\u00e9 de ces PREHNITES est leur couleur verte, d'o\u00f9 leur nom. <strong>\"Cap Chrysolite ou Cap \u00c9meraude\"<\/strong><\/p>\n<p><strong>Tr\u00e8s beaux agr\u00e9gats de cristaux PREHNIT sph\u00e9riques avec des cristaux CALCIT xx tr\u00e8s brillants sur de la BASALT volcanique sombre.<\/strong><\/p>\n<p><strong>localisation de la trouvaille : Monts Goboboseb - Namibie - Afrique<\/strong><\/p>\n<p>Dimensions : 15 x 12 x 7 cm <strong><u> poids : 1,4 kilogramme<\/u><\/strong><\/p>\n<p>ATTENTION, nous ne disposons que de quelques pi\u00e8ces - sp\u00e9cialement dans cette taille. Ce mat\u00e9riel est devenu extr\u00eamement RARE ces derni\u00e8res ann\u00e9es.<\/p>\n<p><strong>SUPER PRIX ! !!<\/strong><\/p>","protected":false},"excerpt":{"rendered":"<p>Superbe \u00e9tape de cette PREHNITE verte que l'on voit plut\u00f4t RAREMENT.   La pr\u00e9hnite est un min\u00e9ral de la classe des silicates et germanates de formule chimique Ca2Al La particularit\u00e9 de ces PR\u00c9HNITES est leur couleur verte, d'o\u00f9 leur nom de \"chrysolithe du Cap ou \u00e9meraude du Cap\" Tr\u00e8s beaux agr\u00e9gats de cristaux de PREHNITES sph\u00e9riques avec des cristaux de CALCITES xx tr\u00e8s brillants sur [...].<\/p>","protected":false},"featured_media":6901,"template":"","meta":{"_acf_changed":false},"region":[62],"product_brand":[],"product_cat":[19],"product_tag":[],"class_list":{"0":"post-6900","1":"product","2":"type-product","3":"status-publish","4":"has-post-thumbnail","6":"region-afrika","7":"product_cat-kristallstufen","9":"first","10":"instock","11":"sold-individually","12":"purchasable","13":"product-type-simple"},"acf":[],"_links":{"self":[{"href":"https:\/\/westgem.shop\/fr\/wp-json\/wp\/v2\/product\/6900","targetHints":{"allow":["GET"]}}],"collection":[{"href":"https:\/\/westgem.shop\/fr\/wp-json\/wp\/v2\/product"}],"about":[{"href":"https:\/\/westgem.shop\/fr\/wp-json\/wp\/v2\/types\/product"}],"wp:featuredmedia":[{"embeddable":true,"href":"https:\/\/westgem.shop\/fr\/wp-json\/wp\/v2\/media\/6901"}],"wp:attachment":[{"href":"https:\/\/westgem.shop\/fr\/wp-json\/wp\/v2\/media?parent=6900"}],"wp:term":[{"taxonomy":"region","embeddable":true,"href":"https:\/\/westgem.shop\/fr\/wp-json\/wp\/v2\/region?post=6900"},{"taxonomy":"product_brand","embeddable":true,"href":"https:\/\/westgem.shop\/fr\/wp-json\/wp\/v2\/product_brand?post=6900"},{"taxonomy":"product_cat","embeddable":true,"href":"https:\/\/westgem.shop\/fr\/wp-json\/wp\/v2\/product_cat?post=6900"},{"taxonomy":"product_tag","embeddable":true,"href":"https:\/\/westgem.shop\/fr\/wp-json\/wp\/v2\/product_tag?post=6900"}],"curies":[{"name":"wp","href":"https:\/\/api.w.org\/{rel}","templated":true}]}}