{"id":6903,"date":"2003-06-21T00:00:00","date_gmt":"2003-06-21T00:00:00","guid":{"rendered":"https:\/\/miners.rocks\/product\/chrysokoll-2\/"},"modified":"2021-01-21T16:31:32","modified_gmt":"2021-01-21T16:31:32","slug":"chrysocolle-2","status":"publish","type":"product","link":"https:\/\/westgem.shop\/fr\/produit\/chrysocolle-2\/","title":{"rendered":"CHRYSOKOLL"},"content":{"rendered":"<p>CHRYSOKOLL de couleur tr\u00e8s intense<\/p>\n<p>Min\u00e9ral secondaire CUIVRE avec malachite verte<\/p>\n<p>KULUKULKU - Congo - Afrique<\/p>\n<p>Optiquement 1A<\/p>\n<p>Dimensions : 15 x 11 x 7 cm Poids : 440 g<\/p>\n<p>La derni\u00e8re photo est le dessous des marches<\/p>","protected":false},"excerpt":{"rendered":"<p>CHRYSOKOLL tr\u00e8s color\u00e9 Min\u00e9ral secondaire CUIVRE avec malachite verte KULUKULKU - Congo - Afrique Optiquement 1A Dimensions : 15 x 11 x 7 cm Poids : 440 g La derni\u00e8re photo est le dessous des marches<\/p>","protected":false},"featured_media":6904,"template":"","meta":{"_acf_changed":false},"region":[],"product_brand":[],"product_cat":[19],"product_tag":[],"class_list":{"0":"post-6903","1":"product","2":"type-product","3":"status-publish","4":"has-post-thumbnail","6":"product_cat-kristallstufen","8":"first","9":"instock","10":"sold-individually","11":"purchasable","12":"product-type-simple"},"acf":[],"_links":{"self":[{"href":"https:\/\/westgem.shop\/fr\/wp-json\/wp\/v2\/product\/6903","targetHints":{"allow":["GET"]}}],"collection":[{"href":"https:\/\/westgem.shop\/fr\/wp-json\/wp\/v2\/product"}],"about":[{"href":"https:\/\/westgem.shop\/fr\/wp-json\/wp\/v2\/types\/product"}],"wp:featuredmedia":[{"embeddable":true,"href":"https:\/\/westgem.shop\/fr\/wp-json\/wp\/v2\/media\/6904"}],"wp:attachment":[{"href":"https:\/\/westgem.shop\/fr\/wp-json\/wp\/v2\/media?parent=6903"}],"wp:term":[{"taxonomy":"region","embeddable":true,"href":"https:\/\/westgem.shop\/fr\/wp-json\/wp\/v2\/region?post=6903"},{"taxonomy":"product_brand","embeddable":true,"href":"https:\/\/westgem.shop\/fr\/wp-json\/wp\/v2\/product_brand?post=6903"},{"taxonomy":"product_cat","embeddable":true,"href":"https:\/\/westgem.shop\/fr\/wp-json\/wp\/v2\/product_cat?post=6903"},{"taxonomy":"product_tag","embeddable":true,"href":"https:\/\/westgem.shop\/fr\/wp-json\/wp\/v2\/product_tag?post=6903"}],"curies":[{"name":"wp","href":"https:\/\/api.w.org\/{rel}","templated":true}]}}