{"id":6908,"date":"2022-07-16T00:00:00","date_gmt":"2022-07-16T00:00:00","guid":{"rendered":"https:\/\/miners.rocks\/product\/botryoidal-chrysokoll\/"},"modified":"2022-08-26T11:00:40","modified_gmt":"2022-08-26T11:00:40","slug":"chrysocolle-botryoide","status":"publish","type":"product","link":"https:\/\/westgem.shop\/fr\/produit\/chrysocolle-botryoide\/","title":{"rendered":"CHRYSOKOLL"},"content":{"rendered":"<p><strong>\u00c9tage CHRYSOKOLL avec des formations botryo\u00efdes typiques = sarmenteuses<\/strong><\/p>\n<p>CHRYSOKOLL est un<strong> CUIVRE secondaire Min\u00e9ral<\/strong> et se forme souvent sur la malachite toxique<\/p>\n<p>Superbe couleur<\/p>\n<p>De l'exploitation des mines de cuivre au Katanga.<\/p>\n<p><strong>KULUKULUKU - Congo - Afrique<\/strong><\/p>\n<p>Dimensions : 13 x 11 x 6 cm<\/p>\n<p>poids : 650 g<\/p>\n<p>La derni\u00e8re image a \u00e9t\u00e9 photographi\u00e9e mouill\u00e9e<\/p>","protected":false},"excerpt":{"rendered":"<p>\u00c9tape CHRYSOKOLL avec des formations botryo\u00efdales typiques CHRYSOKOLL est un min\u00e9ral secondaire du CUIVRE et se forme souvent sur la malachite toxique Couleur magnifique Provenant des mines de cuivre du Katanga. KULUKULUKU - Congo - Afrique Dimensions : 13 x 11 x 6 cm Poids : 650 g La derni\u00e8re image a \u00e9t\u00e9 photographi\u00e9e humide<\/p>","protected":false},"featured_media":6909,"template":"","meta":{"_acf_changed":false},"region":[62],"product_brand":[],"product_cat":[19],"product_tag":[],"class_list":{"0":"post-6908","1":"product","2":"type-product","3":"status-publish","4":"has-post-thumbnail","6":"region-afrika","7":"product_cat-kristallstufen","9":"first","10":"instock","11":"sold-individually","12":"purchasable","13":"product-type-simple"},"acf":[],"_links":{"self":[{"href":"https:\/\/westgem.shop\/fr\/wp-json\/wp\/v2\/product\/6908","targetHints":{"allow":["GET"]}}],"collection":[{"href":"https:\/\/westgem.shop\/fr\/wp-json\/wp\/v2\/product"}],"about":[{"href":"https:\/\/westgem.shop\/fr\/wp-json\/wp\/v2\/types\/product"}],"wp:featuredmedia":[{"embeddable":true,"href":"https:\/\/westgem.shop\/fr\/wp-json\/wp\/v2\/media\/6909"}],"wp:attachment":[{"href":"https:\/\/westgem.shop\/fr\/wp-json\/wp\/v2\/media?parent=6908"}],"wp:term":[{"taxonomy":"region","embeddable":true,"href":"https:\/\/westgem.shop\/fr\/wp-json\/wp\/v2\/region?post=6908"},{"taxonomy":"product_brand","embeddable":true,"href":"https:\/\/westgem.shop\/fr\/wp-json\/wp\/v2\/product_brand?post=6908"},{"taxonomy":"product_cat","embeddable":true,"href":"https:\/\/westgem.shop\/fr\/wp-json\/wp\/v2\/product_cat?post=6908"},{"taxonomy":"product_tag","embeddable":true,"href":"https:\/\/westgem.shop\/fr\/wp-json\/wp\/v2\/product_tag?post=6908"}],"curies":[{"name":"wp","href":"https:\/\/api.w.org\/{rel}","templated":true}]}}