{"id":6912,"date":"2003-06-23T00:00:00","date_gmt":"2003-06-23T00:00:00","guid":{"rendered":"https:\/\/miners.rocks\/product\/chrysokoll-3\/"},"modified":"2024-02-03T07:53:27","modified_gmt":"2024-02-03T07:53:27","slug":"chrysocolle-3","status":"publish","type":"product","link":"https:\/\/westgem.shop\/fr\/produit\/chrysocolle-3\/","title":{"rendered":"CHRYSOKOLL"},"content":{"rendered":"<p>Superbe CHRYSOKOLL - Photographi\u00e9 humide pour repr\u00e9senter les couleurs intenses diff\u00e9remment.<\/p>\n<p>Ce min\u00e9ral secondaire de CUIVRE se forme dans les zones d'oxydation des gisements de cuivre, principalement sur le min\u00e9ral primaire de cuivre, la malachite.<\/p>\n<p>Tr\u00e8s belle pi\u00e8ce<\/p>\n<p>Mine de KULUKULUKU - Katanga - Congo - Afrique<\/p>\n<p>Dimensions : 13 x 12 x 6 cm Poids : 695 g<\/p>\n<p>La derni\u00e8re photo montre la face inf\u00e9rieure<\/p>","protected":false},"excerpt":{"rendered":"<p>Superbe CHRYSOCOLL - Photographi\u00e9 humide pour repr\u00e9senter diff\u00e9remment les couleurs intenses. Ce min\u00e9ral secondaire de CUIVRE se forme dans les zones d'oxydation des gisements de cuivre, principalement sur le min\u00e9ral primaire de cuivre malachite. Tr\u00e8s belle pi\u00e8ce KULUKULUKU - Katanga - Congo - Afrique Dimensions : 13 x 12 x 6 cm Poids : 695 g La derni\u00e8re photo montre la face inf\u00e9rieure<\/p>","protected":false},"featured_media":6913,"template":"","meta":{"_acf_changed":false},"region":[],"product_brand":[],"product_cat":[16],"product_tag":[],"class_list":{"0":"post-6912","1":"product","2":"type-product","3":"status-publish","4":"has-post-thumbnail","6":"product_cat-rohsteine","8":"first","9":"outofstock","10":"sold-individually","11":"product-type-simple"},"acf":[],"_links":{"self":[{"href":"https:\/\/westgem.shop\/fr\/wp-json\/wp\/v2\/product\/6912","targetHints":{"allow":["GET"]}}],"collection":[{"href":"https:\/\/westgem.shop\/fr\/wp-json\/wp\/v2\/product"}],"about":[{"href":"https:\/\/westgem.shop\/fr\/wp-json\/wp\/v2\/types\/product"}],"wp:featuredmedia":[{"embeddable":true,"href":"https:\/\/westgem.shop\/fr\/wp-json\/wp\/v2\/media\/6913"}],"wp:attachment":[{"href":"https:\/\/westgem.shop\/fr\/wp-json\/wp\/v2\/media?parent=6912"}],"wp:term":[{"taxonomy":"region","embeddable":true,"href":"https:\/\/westgem.shop\/fr\/wp-json\/wp\/v2\/region?post=6912"},{"taxonomy":"product_brand","embeddable":true,"href":"https:\/\/westgem.shop\/fr\/wp-json\/wp\/v2\/product_brand?post=6912"},{"taxonomy":"product_cat","embeddable":true,"href":"https:\/\/westgem.shop\/fr\/wp-json\/wp\/v2\/product_cat?post=6912"},{"taxonomy":"product_tag","embeddable":true,"href":"https:\/\/westgem.shop\/fr\/wp-json\/wp\/v2\/product_tag?post=6912"}],"curies":[{"name":"wp","href":"https:\/\/api.w.org\/{rel}","templated":true}]}}