{"id":6922,"date":"2003-06-25T00:00:00","date_gmt":"2003-06-25T00:00:00","guid":{"rendered":"https:\/\/miners.rocks\/product\/chrysokoll-4\/"},"modified":"2021-01-21T16:24:56","modified_gmt":"2021-01-21T16:24:56","slug":"chrysocolle-4","status":"publish","type":"product","link":"https:\/\/westgem.shop\/fr\/produit\/chrysocolle-4\/","title":{"rendered":"CHRYSOKOLL"},"content":{"rendered":"<p>Belle pi\u00e8ce justificative de CHRYSOKOLL en grappe sur malachite.<\/p>\n<p>Min\u00e9raux de cuivre -avec diff\u00e9rentes couleurs intensesn<\/p>\n<p>Du Katanga - Congo - Afrique<\/p>\n<p>Dimensions : 13 x 10 x 3 cm Poids : 300 g<\/p>","protected":false},"excerpt":{"rendered":"<p>Beau sp\u00e9cimen de CHRYSOKOLL en grappe sur malachite. Min\u00e9raux de cuivre -avec diff\u00e9rentes couleurs intensesn Du Katanga - Congo - Afrique Dimensions : 13 x 10 x 3 cm Poids : 300 g<\/p>","protected":false},"featured_media":6923,"template":"","meta":{"_acf_changed":false},"region":[62],"product_brand":[],"product_cat":[19],"product_tag":[],"class_list":{"0":"post-6922","1":"product","2":"type-product","3":"status-publish","4":"has-post-thumbnail","6":"region-afrika","7":"product_cat-kristallstufen","9":"first","10":"instock","11":"sold-individually","12":"purchasable","13":"product-type-simple"},"acf":[],"_links":{"self":[{"href":"https:\/\/westgem.shop\/fr\/wp-json\/wp\/v2\/product\/6922","targetHints":{"allow":["GET"]}}],"collection":[{"href":"https:\/\/westgem.shop\/fr\/wp-json\/wp\/v2\/product"}],"about":[{"href":"https:\/\/westgem.shop\/fr\/wp-json\/wp\/v2\/types\/product"}],"wp:featuredmedia":[{"embeddable":true,"href":"https:\/\/westgem.shop\/fr\/wp-json\/wp\/v2\/media\/6923"}],"wp:attachment":[{"href":"https:\/\/westgem.shop\/fr\/wp-json\/wp\/v2\/media?parent=6922"}],"wp:term":[{"taxonomy":"region","embeddable":true,"href":"https:\/\/westgem.shop\/fr\/wp-json\/wp\/v2\/region?post=6922"},{"taxonomy":"product_brand","embeddable":true,"href":"https:\/\/westgem.shop\/fr\/wp-json\/wp\/v2\/product_brand?post=6922"},{"taxonomy":"product_cat","embeddable":true,"href":"https:\/\/westgem.shop\/fr\/wp-json\/wp\/v2\/product_cat?post=6922"},{"taxonomy":"product_tag","embeddable":true,"href":"https:\/\/westgem.shop\/fr\/wp-json\/wp\/v2\/product_tag?post=6922"}],"curies":[{"name":"wp","href":"https:\/\/api.w.org\/{rel}","templated":true}]}}