{"id":6926,"date":"2022-07-18T00:00:00","date_gmt":"2022-07-18T00:00:00","guid":{"rendered":"https:\/\/miners.rocks\/product\/almandin-xx-2\/"},"modified":"2022-09-24T05:46:51","modified_gmt":"2022-09-24T05:46:51","slug":"almandin-melanite-cristal-mixte-xx","status":"publish","type":"product","link":"https:\/\/westgem.shop\/fr\/produit\/almandin-melanite-cristal-mixte-xx\/","title":{"rendered":"Grenat de Madagascar xx"},"content":{"rendered":"<p><strong>Tr\u00e8s grand cristal mixte ALMANDIN - m\u00e9lanite GRANAT, au centre dans un niveau de Madagascar<\/strong><\/p>\n<p>&nbsp;<\/p>\n<p><strong>ALMANDIN xx Grenat de Madagascar de couleur tr\u00e8s fonc\u00e9e - presque noire<\/strong><\/p>\n<p>Les cristaux ne sont PAS pr\u00e9par\u00e9s \u00e0 partir de la roche, comme c'est souvent le cas, mais sont naturels, comme si on les avait trouv\u00e9s !<\/p>\n<p>Pi\u00e8ce tr\u00e8s int\u00e9ressante et rare de<strong> BETROKKE - Madagascar<\/strong><\/p>\n<p>&nbsp;<\/p>\n<p><strong>Dimensions : 14 x 10 x 8 cm - le grand cristal mesure 4 x 5 cm !<\/strong><\/p>\n<p>Poids<strong>1,1 kilogramme<\/strong><\/p>\n<p>La marche est bien plus belle en version originale que sur les photos !<\/p>\n<p><strong>PRIX SPECIAL<\/strong><\/p>","protected":false},"excerpt":{"rendered":"<p>Tr\u00e8s grand cristal mixte ALMANDIN - M\u00e9lanite GRANAT, au centre d'un niveau de Madagascar Grenats ALMANDIN xx de Madagascar de couleur tr\u00e8s fonc\u00e9e - presque noire Les cristaux ne sont PAS pr\u00e9par\u00e9s \u00e0 partir de la roche, comme c'est souvent le cas, mais sont naturels, tels que trouv\u00e9s ! Pi\u00e8ce tr\u00e8s int\u00e9ressante et rare provenant de BETROKKE - Madagascar Dimensions : 14 x [...]<\/p>","protected":false},"featured_media":6927,"template":"","meta":{"_acf_changed":false},"region":[62],"product_brand":[],"product_cat":[19],"product_tag":[],"class_list":{"0":"post-6926","1":"product","2":"type-product","3":"status-publish","4":"has-post-thumbnail","6":"region-afrika","7":"product_cat-kristallstufen","9":"first","10":"instock","11":"sold-individually","12":"purchasable","13":"product-type-simple"},"acf":[],"_links":{"self":[{"href":"https:\/\/westgem.shop\/fr\/wp-json\/wp\/v2\/product\/6926","targetHints":{"allow":["GET"]}}],"collection":[{"href":"https:\/\/westgem.shop\/fr\/wp-json\/wp\/v2\/product"}],"about":[{"href":"https:\/\/westgem.shop\/fr\/wp-json\/wp\/v2\/types\/product"}],"wp:featuredmedia":[{"embeddable":true,"href":"https:\/\/westgem.shop\/fr\/wp-json\/wp\/v2\/media\/6927"}],"wp:attachment":[{"href":"https:\/\/westgem.shop\/fr\/wp-json\/wp\/v2\/media?parent=6926"}],"wp:term":[{"taxonomy":"region","embeddable":true,"href":"https:\/\/westgem.shop\/fr\/wp-json\/wp\/v2\/region?post=6926"},{"taxonomy":"product_brand","embeddable":true,"href":"https:\/\/westgem.shop\/fr\/wp-json\/wp\/v2\/product_brand?post=6926"},{"taxonomy":"product_cat","embeddable":true,"href":"https:\/\/westgem.shop\/fr\/wp-json\/wp\/v2\/product_cat?post=6926"},{"taxonomy":"product_tag","embeddable":true,"href":"https:\/\/westgem.shop\/fr\/wp-json\/wp\/v2\/product_tag?post=6926"}],"curies":[{"name":"wp","href":"https:\/\/api.w.org\/{rel}","templated":true}]}}