{"id":693,"date":"2000-04-10T00:00:00","date_gmt":"2000-04-10T00:00:00","guid":{"rendered":"https:\/\/miners.rocks\/product\/154\/"},"modified":"2020-05-19T16:55:57","modified_gmt":"2020-05-19T16:55:57","slug":"antimonite-xx-burgenland","status":"publish","type":"product","link":"https:\/\/westgem.shop\/fr\/produit\/antimonite-xx-burgenland\/","title":{"rendered":"ANTIMONITE xx BOURGOGNE"},"content":{"rendered":"<p>Les noms suivants sont \u00e9galement utilis\u00e9s pour ANTIMONITE :<\/p>\n<p>ANTIMONITE - PIESSE GRISE et STIBNITE Les cristaux d'ANTIMONITE sont allong\u00e9s, en forme d'aiguille, avec un \u00e9clat gris plomb\u00e9.<\/p>\n<p>. RELATIVEMENT RARE !<\/p>\n<p>Le lieu de d\u00e9couverte est l'ancienne MINE D'ANTIMON de Schleining - Burgenland<\/p>\n<p>Poids. 0,6 kg ( 600 g) Dimm. : 20 x 10 x 4 cm<\/p>","protected":false},"excerpt":{"rendered":"<p>Les noms suivants sont \u00e9galement utilis\u00e9s pour l'ANTIMONITE : ANTIMONITE BRILLANTE - BRILLANTE GRISE et STIBNITE . Les cristaux d'ANTIMONITE sont allong\u00e9s - en aiguilles , avec un \u00e9clat gris plomb\u00e9 . RELATIVEMENT RARE ! L'endroit de la d\u00e9couverte est l'ancienne mine d'ANTIMONITE de Schleining - Burgenland Poids. 0,6 kg ( 600 g) Dimm. : 20 x 10 x 4 cm<\/p>","protected":false},"featured_media":694,"template":"","meta":{"_acf_changed":false},"region":[],"product_brand":[],"product_cat":[15],"product_tag":[],"class_list":{"0":"post-693","1":"product","2":"type-product","3":"status-publish","4":"has-post-thumbnail","6":"product_cat-mineralien","8":"first","9":"outofstock","10":"sold-individually","11":"product-type-simple"},"acf":[],"_links":{"self":[{"href":"https:\/\/westgem.shop\/fr\/wp-json\/wp\/v2\/product\/693","targetHints":{"allow":["GET"]}}],"collection":[{"href":"https:\/\/westgem.shop\/fr\/wp-json\/wp\/v2\/product"}],"about":[{"href":"https:\/\/westgem.shop\/fr\/wp-json\/wp\/v2\/types\/product"}],"wp:featuredmedia":[{"embeddable":true,"href":"https:\/\/westgem.shop\/fr\/wp-json\/wp\/v2\/media\/694"}],"wp:attachment":[{"href":"https:\/\/westgem.shop\/fr\/wp-json\/wp\/v2\/media?parent=693"}],"wp:term":[{"taxonomy":"region","embeddable":true,"href":"https:\/\/westgem.shop\/fr\/wp-json\/wp\/v2\/region?post=693"},{"taxonomy":"product_brand","embeddable":true,"href":"https:\/\/westgem.shop\/fr\/wp-json\/wp\/v2\/product_brand?post=693"},{"taxonomy":"product_cat","embeddable":true,"href":"https:\/\/westgem.shop\/fr\/wp-json\/wp\/v2\/product_cat?post=693"},{"taxonomy":"product_tag","embeddable":true,"href":"https:\/\/westgem.shop\/fr\/wp-json\/wp\/v2\/product_tag?post=693"}],"curies":[{"name":"wp","href":"https:\/\/api.w.org\/{rel}","templated":true}]}}