{"id":6941,"date":"2021-12-22T00:00:00","date_gmt":"2021-12-22T00:00:00","guid":{"rendered":"https:\/\/miners.rocks\/product\/malachit-chrysokoll-2\/"},"modified":"2022-03-28T06:36:12","modified_gmt":"2022-03-28T06:36:12","slug":"malachite-chrysocolle-2","status":"publish","type":"product","link":"https:\/\/westgem.shop\/fr\/produit\/malachite-chrysocolle-2\/","title":{"rendered":"CHRYSOKOLL sur MALACHITE"},"content":{"rendered":"<p><strong>Tr\u00e8s belle pi\u00e8ce de ces min\u00e9raux de cuivre aux couleurs intenses.<\/strong><\/p>\n<p><strong>Malachite d'un vert profond - recouverte en surface par le min\u00e9ral secondaire de cuivre CHRYSOKOLL d'une magnifique couleur bleu ciel.<\/strong><\/p>\n<p>Lieu de d\u00e9couverte :<strong> KULUKULUKU - Congo - Afrique<\/strong><\/p>\n<p>Dimensions :<strong> 130 x 80 x 80 cm <\/strong><\/p>\n<p>poids : <strong>780 g<\/strong><\/p>\n<p>La derni\u00e8re image montre les marches du bas<\/p>","protected":false},"excerpt":{"rendered":"<p>Tr\u00e8s belle pi\u00e8ce de ces min\u00e9raux de cuivre aux couleurs intenses. Malachite d'un vert profond - recouverte en surface par le min\u00e9ral de cuivre secondaire CHRYSOKOLL d'une magnifique couleur bleu ciel. Lieu de d\u00e9couverte : KULUKULUKU - Congo - Afrique Dimensions : 130 x 80 x 80 cm Poids : 780 g La derni\u00e8re photo montre la face inf\u00e9rieure des marches<\/p>","protected":false},"featured_media":6942,"template":"","meta":{"_acf_changed":false},"region":[62],"product_brand":[],"product_cat":[19],"product_tag":[],"class_list":{"0":"post-6941","1":"product","2":"type-product","3":"status-publish","4":"has-post-thumbnail","6":"region-afrika","7":"product_cat-kristallstufen","9":"first","10":"instock","11":"sold-individually","12":"purchasable","13":"product-type-simple"},"acf":[],"_links":{"self":[{"href":"https:\/\/westgem.shop\/fr\/wp-json\/wp\/v2\/product\/6941","targetHints":{"allow":["GET"]}}],"collection":[{"href":"https:\/\/westgem.shop\/fr\/wp-json\/wp\/v2\/product"}],"about":[{"href":"https:\/\/westgem.shop\/fr\/wp-json\/wp\/v2\/types\/product"}],"wp:featuredmedia":[{"embeddable":true,"href":"https:\/\/westgem.shop\/fr\/wp-json\/wp\/v2\/media\/6942"}],"wp:attachment":[{"href":"https:\/\/westgem.shop\/fr\/wp-json\/wp\/v2\/media?parent=6941"}],"wp:term":[{"taxonomy":"region","embeddable":true,"href":"https:\/\/westgem.shop\/fr\/wp-json\/wp\/v2\/region?post=6941"},{"taxonomy":"product_brand","embeddable":true,"href":"https:\/\/westgem.shop\/fr\/wp-json\/wp\/v2\/product_brand?post=6941"},{"taxonomy":"product_cat","embeddable":true,"href":"https:\/\/westgem.shop\/fr\/wp-json\/wp\/v2\/product_cat?post=6941"},{"taxonomy":"product_tag","embeddable":true,"href":"https:\/\/westgem.shop\/fr\/wp-json\/wp\/v2\/product_tag?post=6941"}],"curies":[{"name":"wp","href":"https:\/\/api.w.org\/{rel}","templated":true}]}}