{"id":6946,"date":"2003-06-30T00:00:00","date_gmt":"2003-06-30T00:00:00","guid":{"rendered":"https:\/\/miners.rocks\/product\/chrysokoll-malachit-3\/"},"modified":"2022-04-18T08:26:24","modified_gmt":"2022-04-18T08:26:24","slug":"chrysocolle-malachite-3","status":"publish","type":"product","link":"https:\/\/westgem.shop\/fr\/produit\/chrysocolle-malachite-3\/","title":{"rendered":"CHRYSOCOL - Malachite"},"content":{"rendered":"<p>Min\u00e9ral typique des mines de cuivre du Congo.<\/p>\n<p>MALCHIT avec CHRYSOKOLL<\/p>\n<p>Beau sp\u00e9cimen de ces deux min\u00e9raux de cuivre<\/p>\n<p>Katanga - Congo - Afrique<\/p>\n<p>Dimensions : 12 x 8 x 8 xcm Poids : 520 g<\/p>","protected":false},"excerpt":{"rendered":"<p>Min\u00e9ral typique des mines de cuivre du Congo. MALCHITE avec CHRYSOKOLL Belle pi\u00e8ce justificative de ces deux min\u00e9raux de cuivre Katanga - Congo - Afrique Dimensions : 12 x 8 x 8 xcm Poids : 520 g<\/p>","protected":false},"featured_media":6947,"template":"","meta":{"_acf_changed":false},"region":[],"product_brand":[],"product_cat":[19],"product_tag":[],"class_list":{"0":"post-6946","1":"product","2":"type-product","3":"status-publish","4":"has-post-thumbnail","6":"product_cat-kristallstufen","8":"first","9":"outofstock","10":"sold-individually","11":"purchasable","12":"product-type-simple"},"acf":[],"_links":{"self":[{"href":"https:\/\/westgem.shop\/fr\/wp-json\/wp\/v2\/product\/6946","targetHints":{"allow":["GET"]}}],"collection":[{"href":"https:\/\/westgem.shop\/fr\/wp-json\/wp\/v2\/product"}],"about":[{"href":"https:\/\/westgem.shop\/fr\/wp-json\/wp\/v2\/types\/product"}],"wp:featuredmedia":[{"embeddable":true,"href":"https:\/\/westgem.shop\/fr\/wp-json\/wp\/v2\/media\/6947"}],"wp:attachment":[{"href":"https:\/\/westgem.shop\/fr\/wp-json\/wp\/v2\/media?parent=6946"}],"wp:term":[{"taxonomy":"region","embeddable":true,"href":"https:\/\/westgem.shop\/fr\/wp-json\/wp\/v2\/region?post=6946"},{"taxonomy":"product_brand","embeddable":true,"href":"https:\/\/westgem.shop\/fr\/wp-json\/wp\/v2\/product_brand?post=6946"},{"taxonomy":"product_cat","embeddable":true,"href":"https:\/\/westgem.shop\/fr\/wp-json\/wp\/v2\/product_cat?post=6946"},{"taxonomy":"product_tag","embeddable":true,"href":"https:\/\/westgem.shop\/fr\/wp-json\/wp\/v2\/product_tag?post=6946"}],"curies":[{"name":"wp","href":"https:\/\/api.w.org\/{rel}","templated":true}]}}