{"id":6951,"date":"2021-10-01T00:00:00","date_gmt":"2021-10-01T00:00:00","guid":{"rendered":"https:\/\/miners.rocks\/product\/rote-turmaline-xx\/"},"modified":"2022-04-18T08:26:25","modified_gmt":"2022-04-18T08:26:25","slug":"tourmaline-rouge-xx-lepidolite","status":"publish","type":"product","link":"https:\/\/westgem.shop\/fr\/produit\/tourmaline-rouge-xx-lepidolite\/","title":{"rendered":"TURMALIN xx - Namibie"},"content":{"rendered":"<p><strong>RUBELLITE xx en quartz avec LEPIDOLITH<\/strong><\/p>\n<p>Prismatique long et grossier<strong> Cristaux de TURMALINE rouge<\/strong> en quartz blanc et<\/p>\n<p><strong>LITHIUM GLIMMER violet = l\u00e9pidolite<\/strong><\/p>\n<p>Rare \u00e0 voir et difficile \u00e0 obtenir.<\/p>\n<p><strong>localisation de la trouvaille : KARIBIB - ERONGO - NAMIBIA - Afrique<\/strong><\/p>\n<p>Poids : 562 g<\/p>\n<p><strong>12 x 10 x 5 cm<\/strong><\/p>","protected":false},"excerpt":{"rendered":"<p>RUBELLITE xx en quartz avec LEPIDOLITH Cristaux de TURMALINE rouge, longs et prismatiques, dans du quartz blanc et du LITHIUM GLIMMER violet = L\u00e9pidolite Rare \u00e0 voir et difficile \u00e0 obtenir. Lieu de d\u00e9couverte : KARIBIB - ERONGO - NAMIBIA - Afrique Poids : 562 g 12 x 10 x 5 cm<\/p>","protected":false},"featured_media":6952,"template":"","meta":{"_acf_changed":false},"region":[],"product_brand":[],"product_cat":[19],"product_tag":[],"class_list":{"0":"post-6951","1":"product","2":"type-product","3":"status-publish","4":"has-post-thumbnail","6":"product_cat-kristallstufen","8":"first","9":"outofstock","10":"sold-individually","11":"purchasable","12":"product-type-simple"},"acf":[],"_links":{"self":[{"href":"https:\/\/westgem.shop\/fr\/wp-json\/wp\/v2\/product\/6951","targetHints":{"allow":["GET"]}}],"collection":[{"href":"https:\/\/westgem.shop\/fr\/wp-json\/wp\/v2\/product"}],"about":[{"href":"https:\/\/westgem.shop\/fr\/wp-json\/wp\/v2\/types\/product"}],"wp:featuredmedia":[{"embeddable":true,"href":"https:\/\/westgem.shop\/fr\/wp-json\/wp\/v2\/media\/6952"}],"wp:attachment":[{"href":"https:\/\/westgem.shop\/fr\/wp-json\/wp\/v2\/media?parent=6951"}],"wp:term":[{"taxonomy":"region","embeddable":true,"href":"https:\/\/westgem.shop\/fr\/wp-json\/wp\/v2\/region?post=6951"},{"taxonomy":"product_brand","embeddable":true,"href":"https:\/\/westgem.shop\/fr\/wp-json\/wp\/v2\/product_brand?post=6951"},{"taxonomy":"product_cat","embeddable":true,"href":"https:\/\/westgem.shop\/fr\/wp-json\/wp\/v2\/product_cat?post=6951"},{"taxonomy":"product_tag","embeddable":true,"href":"https:\/\/westgem.shop\/fr\/wp-json\/wp\/v2\/product_tag?post=6951"}],"curies":[{"name":"wp","href":"https:\/\/api.w.org\/{rel}","templated":true}]}}