{"id":6955,"date":"2003-07-02T00:00:00","date_gmt":"2003-07-02T00:00:00","guid":{"rendered":"https:\/\/miners.rocks\/product\/chrysokoll-malachit-4\/"},"modified":"2021-01-21T16:20:09","modified_gmt":"2021-01-21T16:20:09","slug":"chrysocolle-malachite-4","status":"publish","type":"product","link":"https:\/\/westgem.shop\/fr\/produit\/chrysocolle-malachite-4\/","title":{"rendered":"chrysocolle - malachite"},"content":{"rendered":"<p>Magnifique, CHRYSOCOLL bleu ciel et malachite vert profond<\/p>\n<p>La chrysocolle est un min\u00e9ral secondaire du cuivre et forme des agr\u00e9gats microcristallins en forme de grappes avec de tr\u00e8s belles couleurs.<\/p>\n<p>localisation de la trouvaille : Kulukuluku - Congo - Afrique<\/p>\n<p>Dimensions : 13 x 11 x 5 cm Poids : 494 g<\/p>","protected":false},"excerpt":{"rendered":"<p>Magnifique CHRYSOCOLL bleu ciel et malachite vert profond La chrysocolle est un min\u00e9ral secondaire du cuivre et forme des agr\u00e9gats microcristallins en forme de grappe avec de tr\u00e8s belles couleurs. Lieu de d\u00e9couverte : Kulukuluku - Congo - Afrique Dimensions : 13 x 11 x 5 cm Poids : 494 g<\/p>","protected":false},"featured_media":6956,"template":"","meta":{"_acf_changed":false},"region":[62],"product_brand":[],"product_cat":[19],"product_tag":[],"class_list":{"0":"post-6955","1":"product","2":"type-product","3":"status-publish","4":"has-post-thumbnail","6":"region-afrika","7":"product_cat-kristallstufen","9":"first","10":"instock","11":"sold-individually","12":"purchasable","13":"product-type-simple"},"acf":[],"_links":{"self":[{"href":"https:\/\/westgem.shop\/fr\/wp-json\/wp\/v2\/product\/6955","targetHints":{"allow":["GET"]}}],"collection":[{"href":"https:\/\/westgem.shop\/fr\/wp-json\/wp\/v2\/product"}],"about":[{"href":"https:\/\/westgem.shop\/fr\/wp-json\/wp\/v2\/types\/product"}],"wp:featuredmedia":[{"embeddable":true,"href":"https:\/\/westgem.shop\/fr\/wp-json\/wp\/v2\/media\/6956"}],"wp:attachment":[{"href":"https:\/\/westgem.shop\/fr\/wp-json\/wp\/v2\/media?parent=6955"}],"wp:term":[{"taxonomy":"region","embeddable":true,"href":"https:\/\/westgem.shop\/fr\/wp-json\/wp\/v2\/region?post=6955"},{"taxonomy":"product_brand","embeddable":true,"href":"https:\/\/westgem.shop\/fr\/wp-json\/wp\/v2\/product_brand?post=6955"},{"taxonomy":"product_cat","embeddable":true,"href":"https:\/\/westgem.shop\/fr\/wp-json\/wp\/v2\/product_cat?post=6955"},{"taxonomy":"product_tag","embeddable":true,"href":"https:\/\/westgem.shop\/fr\/wp-json\/wp\/v2\/product_tag?post=6955"}],"curies":[{"name":"wp","href":"https:\/\/api.w.org\/{rel}","templated":true}]}}