{"id":6959,"date":"2002-08-03T00:00:00","date_gmt":"2002-08-03T00:00:00","guid":{"rendered":"https:\/\/miners.rocks\/product\/rauchquarz-xx-zirkon-xx-aegirin-xx\/"},"modified":"2024-02-03T07:40:07","modified_gmt":"2024-02-03T07:40:07","slug":"quartz-fume-xx-zircon-xx-aegirin-xx","status":"publish","type":"product","link":"https:\/\/westgem.shop\/fr\/produit\/quartz-fume-xx-zircon-xx-aegirin-xx\/","title":{"rendered":"QUARTZ FUM\u00c9 xx Zircon xx Aegirin xx"},"content":{"rendered":"<p>Tr\u00e8s belle combinaison de diff\u00e9rents cristaux.<\/p>\n<p><strong>Cristaux de quartz fum\u00e9 clairs et brillants <\/strong><\/p>\n<p><strong>au m\u00eame niveau que d'innombrables ZIRKON xx bruns et AEGIRIN xx d'un noir profond<\/strong><\/p>\n<p>Malheureusement, de telles photos ne permettent pas de rendre r\u00e9ellement l'\u00e9clat des nombreux cristaux.<\/p>\n<p>Le lieu de d\u00e9couverte de ces combinaisons min\u00e9rales particuli\u00e8res est <strong>ZOMBA MALOSA \u00e0 MALAWI - Afrique<\/strong><\/p>\n<p>Dimensions : 12 x 9 x 8 cm<\/p>\n<p>poids : 452 g<\/p>","protected":false},"excerpt":{"rendered":"<p>Tr\u00e8s belle combinaison de cristaux diff\u00e9rents. Des cristaux de quartz fum\u00e9 clairs et brillants sur un pied d'\u00e9galit\u00e9 avec d'innombrables ZIRCON xx bruns et des AEGIRIN xx d'un noir profond. Malheureusement, il est impossible de rendre l'\u00e9clat des nombreux cristaux sur de telles photos. Le lieu de d\u00e9couverte de ces combinaisons de min\u00e9raux particuli\u00e8res est ZOMBA MALOSA \u00e0 MALAWI - Afrique Dimensions : 12 x 9 x 8 cm [...].<\/p>","protected":false},"featured_media":6960,"template":"","meta":{"_acf_changed":false},"region":[],"product_brand":[],"product_cat":[19],"product_tag":[],"class_list":{"0":"post-6959","1":"product","2":"type-product","3":"status-publish","4":"has-post-thumbnail","6":"product_cat-kristallstufen","8":"first","9":"instock","10":"sold-individually","11":"purchasable","12":"product-type-simple"},"acf":[],"_links":{"self":[{"href":"https:\/\/westgem.shop\/fr\/wp-json\/wp\/v2\/product\/6959","targetHints":{"allow":["GET"]}}],"collection":[{"href":"https:\/\/westgem.shop\/fr\/wp-json\/wp\/v2\/product"}],"about":[{"href":"https:\/\/westgem.shop\/fr\/wp-json\/wp\/v2\/types\/product"}],"wp:featuredmedia":[{"embeddable":true,"href":"https:\/\/westgem.shop\/fr\/wp-json\/wp\/v2\/media\/6960"}],"wp:attachment":[{"href":"https:\/\/westgem.shop\/fr\/wp-json\/wp\/v2\/media?parent=6959"}],"wp:term":[{"taxonomy":"region","embeddable":true,"href":"https:\/\/westgem.shop\/fr\/wp-json\/wp\/v2\/region?post=6959"},{"taxonomy":"product_brand","embeddable":true,"href":"https:\/\/westgem.shop\/fr\/wp-json\/wp\/v2\/product_brand?post=6959"},{"taxonomy":"product_cat","embeddable":true,"href":"https:\/\/westgem.shop\/fr\/wp-json\/wp\/v2\/product_cat?post=6959"},{"taxonomy":"product_tag","embeddable":true,"href":"https:\/\/westgem.shop\/fr\/wp-json\/wp\/v2\/product_tag?post=6959"}],"curies":[{"name":"wp","href":"https:\/\/api.w.org\/{rel}","templated":true}]}}