{"id":6964,"date":"2003-07-04T00:00:00","date_gmt":"2003-07-04T00:00:00","guid":{"rendered":"https:\/\/miners.rocks\/product\/malachit-chrysokoll-3\/"},"modified":"2021-01-21T16:17:57","modified_gmt":"2021-01-21T16:17:57","slug":"malachite-chrysocolle-3","status":"publish","type":"product","link":"https:\/\/westgem.shop\/fr\/produit\/malachite-chrysocolle-3\/","title":{"rendered":"Malachite &amp; CHRYSOCOLL"},"content":{"rendered":"<p>Beau sp\u00e9cimen de ces min\u00e9raux de cuivre<\/p>\n<p>Malachite vert v\u00e9n\u00e9neux avec CHRYSOKOLL bleu clair dans la formation typique en grappe.<\/p>\n<p>Pi\u00e8ce tr\u00e8s attrayante avec de superbes couleurs.<\/p>\n<p>localisation de la trouvaille : Kulukuluku - Congo - Afrique<\/p>\n<p>Dimensions : 14 x 8 x 7 cm Poids : 438 g<\/p>","protected":false},"excerpt":{"rendered":"<p>Belle pi\u00e8ce justificative de ces min\u00e9raux de cuivre Malachite vert poison avec CHRYSOKOLL bleu clair dans la formation typique en grappe. Pi\u00e8ce tr\u00e8s attractive avec de superbes couleurs. Lieu de d\u00e9couverte : Kulukuluku - Congo - Afrique Dimensions : 14 x 8 x 7 cm Poids : 438 g<\/p>","protected":false},"featured_media":6965,"template":"","meta":{"_acf_changed":false},"region":[62],"product_brand":[],"product_cat":[19],"product_tag":[],"class_list":{"0":"post-6964","1":"product","2":"type-product","3":"status-publish","4":"has-post-thumbnail","6":"region-afrika","7":"product_cat-kristallstufen","9":"first","10":"instock","11":"sold-individually","12":"purchasable","13":"product-type-simple"},"acf":[],"_links":{"self":[{"href":"https:\/\/westgem.shop\/fr\/wp-json\/wp\/v2\/product\/6964","targetHints":{"allow":["GET"]}}],"collection":[{"href":"https:\/\/westgem.shop\/fr\/wp-json\/wp\/v2\/product"}],"about":[{"href":"https:\/\/westgem.shop\/fr\/wp-json\/wp\/v2\/types\/product"}],"wp:featuredmedia":[{"embeddable":true,"href":"https:\/\/westgem.shop\/fr\/wp-json\/wp\/v2\/media\/6965"}],"wp:attachment":[{"href":"https:\/\/westgem.shop\/fr\/wp-json\/wp\/v2\/media?parent=6964"}],"wp:term":[{"taxonomy":"region","embeddable":true,"href":"https:\/\/westgem.shop\/fr\/wp-json\/wp\/v2\/region?post=6964"},{"taxonomy":"product_brand","embeddable":true,"href":"https:\/\/westgem.shop\/fr\/wp-json\/wp\/v2\/product_brand?post=6964"},{"taxonomy":"product_cat","embeddable":true,"href":"https:\/\/westgem.shop\/fr\/wp-json\/wp\/v2\/product_cat?post=6964"},{"taxonomy":"product_tag","embeddable":true,"href":"https:\/\/westgem.shop\/fr\/wp-json\/wp\/v2\/product_tag?post=6964"}],"curies":[{"name":"wp","href":"https:\/\/api.w.org\/{rel}","templated":true}]}}