{"id":6968,"date":"2021-12-31T00:00:00","date_gmt":"2021-12-31T00:00:00","guid":{"rendered":"https:\/\/miners.rocks\/product\/1-a-chrsokoll\/"},"modified":"2022-05-25T16:48:15","modified_gmt":"2022-05-25T16:48:15","slug":"1-a-chrsokoll","status":"publish","type":"product","link":"https:\/\/westgem.shop\/fr\/produit\/1-a-chrsokoll\/","title":{"rendered":"CHRYSOKOLL"},"content":{"rendered":"<p><strong>CHRYSOKOLL<\/strong><\/p>\n<p><strong>Min\u00e9ral secondaire CUIVRE, de la classe des silicates, de formule chimique Cu4H4<\/strong><\/p>\n<p>&nbsp;<\/p>\n<p><strong>Formation typique en grappe, stalactite, se forme par transformation d'autres min\u00e9raux de cuivre, comme CUPRIT<\/strong><\/p>\n<p>&nbsp;<\/p>\n<p>Superbe pi\u00e8ce, avec de magnifiques couleurs allant du ciel au bleu de la mer.<\/p>\n<p>Les meilleurs CHRYSOCOLES du monde proviennent de la ceinture de cuivre du Katanga au Congo.<\/p>\n<p><strong>Mine de KULUKULUKU - Katanga - Congo - Afrique<\/strong><\/p>\n<p>Dimensions : 16 x 12 x 9 cm<\/p>\n<p>Poids : 552 g<\/p>\n<p>La derni\u00e8re image montre la face inf\u00e9rieure.<\/p>","protected":false},"excerpt":{"rendered":"<p>CHRYSOKOLL Min\u00e9ral secondaire de CUIVRE, de la classe des silicates, avec la formule chimique Cu4H4 Formation typique en forme de grappe, stalactite, r\u00e9sultant de la transformation d'autres min\u00e9raux de cuivre, comme la CUPRITE.   Superbe pi\u00e8ce, avec de belles couleurs bleu ciel \u00e0 bleu mer. Les meilleurs CHRYSOCOLES du monde proviennent de la ceinture de cuivre du Katanga au Congo. Mine de KULUKULUKU - Katanga - Congo - [...].<\/p>","protected":false},"featured_media":6969,"template":"","meta":{"_acf_changed":false},"region":[62],"product_brand":[],"product_cat":[19],"product_tag":[],"class_list":{"0":"post-6968","1":"product","2":"type-product","3":"status-publish","4":"has-post-thumbnail","6":"region-afrika","7":"product_cat-kristallstufen","9":"first","10":"instock","11":"sold-individually","12":"purchasable","13":"product-type-simple"},"acf":[],"_links":{"self":[{"href":"https:\/\/westgem.shop\/fr\/wp-json\/wp\/v2\/product\/6968","targetHints":{"allow":["GET"]}}],"collection":[{"href":"https:\/\/westgem.shop\/fr\/wp-json\/wp\/v2\/product"}],"about":[{"href":"https:\/\/westgem.shop\/fr\/wp-json\/wp\/v2\/types\/product"}],"wp:featuredmedia":[{"embeddable":true,"href":"https:\/\/westgem.shop\/fr\/wp-json\/wp\/v2\/media\/6969"}],"wp:attachment":[{"href":"https:\/\/westgem.shop\/fr\/wp-json\/wp\/v2\/media?parent=6968"}],"wp:term":[{"taxonomy":"region","embeddable":true,"href":"https:\/\/westgem.shop\/fr\/wp-json\/wp\/v2\/region?post=6968"},{"taxonomy":"product_brand","embeddable":true,"href":"https:\/\/westgem.shop\/fr\/wp-json\/wp\/v2\/product_brand?post=6968"},{"taxonomy":"product_cat","embeddable":true,"href":"https:\/\/westgem.shop\/fr\/wp-json\/wp\/v2\/product_cat?post=6968"},{"taxonomy":"product_tag","embeddable":true,"href":"https:\/\/westgem.shop\/fr\/wp-json\/wp\/v2\/product_tag?post=6968"}],"curies":[{"name":"wp","href":"https:\/\/api.w.org\/{rel}","templated":true}]}}