{"id":6972,"date":"2003-07-06T00:00:00","date_gmt":"2003-07-06T00:00:00","guid":{"rendered":"https:\/\/miners.rocks\/product\/top-madagaskar-fluorit-xx\/"},"modified":"2021-08-09T08:22:17","modified_gmt":"2021-08-09T08:22:17","slug":"top-fluorite-de-madagascar-xx","status":"publish","type":"product","link":"https:\/\/westgem.shop\/fr\/produit\/top-fluorite-de-madagascar-xx\/","title":{"rendered":"TOP Madagascar FLUORIT xx"},"content":{"rendered":"<p>Marche de FLUORITE de premi\u00e8re classe, grande et super belle.<\/p>\n<p>2 couleurs - vert \u00e9meraude et violet.<\/p>\n<p>La FLUORITE ou patate de rivi\u00e8re est un min\u00e9ral de la classe des halog\u00e9nures de formule CaF2<\/p>\n<p>Ce min\u00e9ral est incolore par nature, mais dans certaines circonstances, il se pr\u00e9sente sous de nombreuses couleurs.<\/p>\n<p>La couleur verte est due \u00e0 l'\u00e9l\u00e9ment SELTENERDEN SAMARIUM , qui est ins\u00e9r\u00e9 dans le r\u00e9seau cristallin - la couleur est donc \u00e9galement stable.<\/p>\n<p>Les couleurs violettes sont dues \u00e0 des d\u00e9fauts d'\u00e9lectrons dans le r\u00e9seau cristallin.<\/p>\n<p>Un HIGHLIGHT optique pour chaque \u00e9tag\u00e8re ou vitrine.<\/p>\n<p>Lieu de d\u00e9couverte : BETROKKE - Madagascar<\/p>\n<p>Dimensions : 16 x 11 x 9 cm <u> Poids : 1,6 kilogrammes<\/u><\/p>","protected":false},"excerpt":{"rendered":"<p>Marche de FLUORITE de premi\u00e8re classe, grande et super belle. 2 couleurs - vert \u00e9meraude et violet. La FLUORITE est un min\u00e9ral de la classe des halog\u00e9nures de formule CaF2. Ce min\u00e9ral est naturellement incolore, mais dans certaines circonstances, il se pr\u00e9sente sous de nombreuses couleurs. La couleur verte est due \u00e0 l'\u00e9l\u00e9ment REMARQUE SAMARIUM , qui est pr\u00e9sent dans le r\u00e9seau cristallin [...].<\/p>","protected":false},"featured_media":6973,"template":"","meta":{"_acf_changed":false},"region":[],"product_brand":[],"product_cat":[19],"product_tag":[],"class_list":{"0":"post-6972","1":"product","2":"type-product","3":"status-publish","4":"has-post-thumbnail","6":"product_cat-kristallstufen","8":"first","9":"outofstock","10":"sold-individually","11":"purchasable","12":"product-type-simple"},"acf":[],"_links":{"self":[{"href":"https:\/\/westgem.shop\/fr\/wp-json\/wp\/v2\/product\/6972","targetHints":{"allow":["GET"]}}],"collection":[{"href":"https:\/\/westgem.shop\/fr\/wp-json\/wp\/v2\/product"}],"about":[{"href":"https:\/\/westgem.shop\/fr\/wp-json\/wp\/v2\/types\/product"}],"wp:featuredmedia":[{"embeddable":true,"href":"https:\/\/westgem.shop\/fr\/wp-json\/wp\/v2\/media\/6973"}],"wp:attachment":[{"href":"https:\/\/westgem.shop\/fr\/wp-json\/wp\/v2\/media?parent=6972"}],"wp:term":[{"taxonomy":"region","embeddable":true,"href":"https:\/\/westgem.shop\/fr\/wp-json\/wp\/v2\/region?post=6972"},{"taxonomy":"product_brand","embeddable":true,"href":"https:\/\/westgem.shop\/fr\/wp-json\/wp\/v2\/product_brand?post=6972"},{"taxonomy":"product_cat","embeddable":true,"href":"https:\/\/westgem.shop\/fr\/wp-json\/wp\/v2\/product_cat?post=6972"},{"taxonomy":"product_tag","embeddable":true,"href":"https:\/\/westgem.shop\/fr\/wp-json\/wp\/v2\/product_tag?post=6972"}],"curies":[{"name":"wp","href":"https:\/\/api.w.org\/{rel}","templated":true}]}}