{"id":698,"date":"2000-04-11T00:00:00","date_gmt":"2000-04-11T00:00:00","guid":{"rendered":"https:\/\/miners.rocks\/product\/155\/"},"modified":"2020-05-19T16:55:58","modified_gmt":"2020-05-19T16:55:58","slug":"cristal-de-roche-xx-auernig","status":"publish","type":"product","link":"https:\/\/westgem.shop\/fr\/produit\/cristal-de-roche-xx-auernig\/","title":{"rendered":"CRISTAL DE MONTAGNE xx AUERNIG"},"content":{"rendered":"<p>Les caract\u00e9ristiques typiques de la c\u00e9l\u00e8bre station d'Auernig pr\u00e8s de Mallnitz dans les Hohe Tauern sont les suivantes<\/p>\n<p>Paragen\u00e8se avec cristal de roche xx chlorite xx et p\u00e9ricline xx.<\/p>\n<p>La marche est \"Bergfrisch\" - c'est-\u00e0-dire non nettoy\u00e9e \u00e0 sec.<\/p>\n<p>Poids . 490 grammes Dimm. : 12 x 9 x 5 cm<\/p>","protected":false},"excerpt":{"rendered":"<p>Les paragen\u00e8ses avec cristal de roche xx chlorite xx et p\u00e9ricline xx sont typiques du site connu d'Auernig pr\u00e8s de Mallnitz dans les Hohe Tauern. Le niveau est \"frais de montagne\" - donc non nettoy\u00e9 chimiquement. Poids . 490 grammes Dimm. : 12 x 9 x 5 cm<\/p>","protected":false},"featured_media":699,"template":"","meta":{"_acf_changed":false},"region":[],"product_brand":[],"product_cat":[15],"product_tag":[],"class_list":{"0":"post-698","1":"product","2":"type-product","3":"status-publish","4":"has-post-thumbnail","6":"product_cat-mineralien","8":"first","9":"outofstock","10":"sold-individually","11":"product-type-simple"},"acf":[],"_links":{"self":[{"href":"https:\/\/westgem.shop\/fr\/wp-json\/wp\/v2\/product\/698","targetHints":{"allow":["GET"]}}],"collection":[{"href":"https:\/\/westgem.shop\/fr\/wp-json\/wp\/v2\/product"}],"about":[{"href":"https:\/\/westgem.shop\/fr\/wp-json\/wp\/v2\/types\/product"}],"wp:featuredmedia":[{"embeddable":true,"href":"https:\/\/westgem.shop\/fr\/wp-json\/wp\/v2\/media\/699"}],"wp:attachment":[{"href":"https:\/\/westgem.shop\/fr\/wp-json\/wp\/v2\/media?parent=698"}],"wp:term":[{"taxonomy":"region","embeddable":true,"href":"https:\/\/westgem.shop\/fr\/wp-json\/wp\/v2\/region?post=698"},{"taxonomy":"product_brand","embeddable":true,"href":"https:\/\/westgem.shop\/fr\/wp-json\/wp\/v2\/product_brand?post=698"},{"taxonomy":"product_cat","embeddable":true,"href":"https:\/\/westgem.shop\/fr\/wp-json\/wp\/v2\/product_cat?post=698"},{"taxonomy":"product_tag","embeddable":true,"href":"https:\/\/westgem.shop\/fr\/wp-json\/wp\/v2\/product_tag?post=698"}],"curies":[{"name":"wp","href":"https:\/\/api.w.org\/{rel}","templated":true}]}}