{"id":6982,"date":"2003-07-08T00:00:00","date_gmt":"2003-07-08T00:00:00","guid":{"rendered":"https:\/\/miners.rocks\/product\/pyrit-xx-bergkristall-xx\/"},"modified":"2021-09-07T13:40:33","modified_gmt":"2021-09-07T13:40:33","slug":"pyrite-xx-cristal-de-roche-xx","status":"publish","type":"product","link":"https:\/\/westgem.shop\/fr\/produit\/pyrite-xx-cristal-de-roche-xx\/","title":{"rendered":"PYRIT xx Cristal de roche xx"},"content":{"rendered":"<p>Belle petite marche.<\/p>\n<p>Des cristaux PYRIT cubiques brillants dans un cluster avec des pointes de cristal de roche transparentes.<\/p>\n<p>Pi\u00e8ce ancienne provenant d'un lot de min\u00e9raux des ann\u00e9es 1970.a<\/p>\n<p>Hunanzala - Hautes Andes - P\u00c9ROU - Am\u00e9rique du Sud<\/p>\n<p>Dimensions : 7,5 x 7 x 4 cm Poids : 200g<\/p>","protected":false},"excerpt":{"rendered":"<p>Belle petite marche. Cristaux de PYRIT cubiques tr\u00e8s brillants dans un cluster avec des pointes de cristal de roche transparentes. Pi\u00e8ce ancienne provenant d'un lot de min\u00e9raux des ann\u00e9es 1970.a Hunanzala - Hautes Andes - PERU - Am\u00e9rique du Sud Dimensions : 7,5 x 7 x 4 cm Poids : 200g<\/p>","protected":false},"featured_media":6983,"template":"","meta":{"_acf_changed":false},"region":[60],"product_brand":[],"product_cat":[19],"product_tag":[],"class_list":{"0":"post-6982","1":"product","2":"type-product","3":"status-publish","4":"has-post-thumbnail","6":"region-suedamerika","7":"product_cat-kristallstufen","9":"first","10":"outofstock","11":"sold-individually","12":"product-type-simple"},"acf":[],"_links":{"self":[{"href":"https:\/\/westgem.shop\/fr\/wp-json\/wp\/v2\/product\/6982","targetHints":{"allow":["GET"]}}],"collection":[{"href":"https:\/\/westgem.shop\/fr\/wp-json\/wp\/v2\/product"}],"about":[{"href":"https:\/\/westgem.shop\/fr\/wp-json\/wp\/v2\/types\/product"}],"wp:featuredmedia":[{"embeddable":true,"href":"https:\/\/westgem.shop\/fr\/wp-json\/wp\/v2\/media\/6983"}],"wp:attachment":[{"href":"https:\/\/westgem.shop\/fr\/wp-json\/wp\/v2\/media?parent=6982"}],"wp:term":[{"taxonomy":"region","embeddable":true,"href":"https:\/\/westgem.shop\/fr\/wp-json\/wp\/v2\/region?post=6982"},{"taxonomy":"product_brand","embeddable":true,"href":"https:\/\/westgem.shop\/fr\/wp-json\/wp\/v2\/product_brand?post=6982"},{"taxonomy":"product_cat","embeddable":true,"href":"https:\/\/westgem.shop\/fr\/wp-json\/wp\/v2\/product_cat?post=6982"},{"taxonomy":"product_tag","embeddable":true,"href":"https:\/\/westgem.shop\/fr\/wp-json\/wp\/v2\/product_tag?post=6982"}],"curies":[{"name":"wp","href":"https:\/\/api.w.org\/{rel}","templated":true}]}}