{"id":6987,"date":"2003-07-09T00:00:00","date_gmt":"2003-07-09T00:00:00","guid":{"rendered":"https:\/\/miners.rocks\/product\/aegirin-xx-orthoklasxx-zirkon-xx-2\/"},"modified":"2021-01-30T11:38:54","modified_gmt":"2021-01-30T11:38:54","slug":"aegirin-xx-orthoklasxx-zirkon-xx-2","status":"publish","type":"product","link":"https:\/\/westgem.shop\/fr\/produit\/aegirin-xx-orthoklasxx-zirkon-xx-2\/","title":{"rendered":"AEGIRIN xx ORTHOKLASxx ZIRCON xx"},"content":{"rendered":"<p>Un niveau de cristal int\u00e9ressant.<\/p>\n<p>AEGIRIN xx noir profond ORTHOKLAS xx blanc et petits ZIRCON xx bruns avec petits QUARTZ FUM\u00c9 xx et CHLORITE.<\/p>\n<p>La marche est bien MEILLEURE en nature que sur les photos.<\/p>\n<p>Paragen\u00e8se typique de ZOMBA MALOSA -MALAWI, Afrique.<\/p>\n<p>Dimensions : 13 x 5 x 5 cm Poids : 244 g<\/p>","protected":false},"excerpt":{"rendered":"<p>Un niveau de cristal int\u00e9ressant. AEGIRIN xx noir profond, ORTHOKLAS xx blanc et petits ZIRCONS xx bruns avec petits QUARTZ FUM\u00c9 xx et CHLORITE. L'\u00e9tage est bien MEILLEUR en nature que sur les photos. Paragen\u00e8se typique de ZOMBA MALOSA -MALAWI, Afrique. Dimensions : 13 x 5 x 5 cm Poids : 244 g<\/p>","protected":false},"featured_media":6988,"template":"","meta":{"_acf_changed":false},"region":[],"product_brand":[],"product_cat":[19],"product_tag":[],"class_list":{"0":"post-6987","1":"product","2":"type-product","3":"status-publish","4":"has-post-thumbnail","6":"product_cat-kristallstufen","8":"first","9":"instock","10":"sold-individually","11":"purchasable","12":"product-type-simple"},"acf":[],"_links":{"self":[{"href":"https:\/\/westgem.shop\/fr\/wp-json\/wp\/v2\/product\/6987","targetHints":{"allow":["GET"]}}],"collection":[{"href":"https:\/\/westgem.shop\/fr\/wp-json\/wp\/v2\/product"}],"about":[{"href":"https:\/\/westgem.shop\/fr\/wp-json\/wp\/v2\/types\/product"}],"wp:featuredmedia":[{"embeddable":true,"href":"https:\/\/westgem.shop\/fr\/wp-json\/wp\/v2\/media\/6988"}],"wp:attachment":[{"href":"https:\/\/westgem.shop\/fr\/wp-json\/wp\/v2\/media?parent=6987"}],"wp:term":[{"taxonomy":"region","embeddable":true,"href":"https:\/\/westgem.shop\/fr\/wp-json\/wp\/v2\/region?post=6987"},{"taxonomy":"product_brand","embeddable":true,"href":"https:\/\/westgem.shop\/fr\/wp-json\/wp\/v2\/product_brand?post=6987"},{"taxonomy":"product_cat","embeddable":true,"href":"https:\/\/westgem.shop\/fr\/wp-json\/wp\/v2\/product_cat?post=6987"},{"taxonomy":"product_tag","embeddable":true,"href":"https:\/\/westgem.shop\/fr\/wp-json\/wp\/v2\/product_tag?post=6987"}],"curies":[{"name":"wp","href":"https:\/\/api.w.org\/{rel}","templated":true}]}}