{"id":702,"date":"2011-05-12T00:00:00","date_gmt":"2011-05-12T00:00:00","guid":{"rendered":"https:\/\/miners.rocks\/product\/156\/"},"modified":"2024-02-03T07:53:53","modified_gmt":"2024-02-03T07:53:53","slug":"cristal-de-roche-du-grossglockner","status":"publish","type":"product","link":"https:\/\/westgem.shop\/fr\/produit\/cristal-de-roche-du-grossglockner\/","title":{"rendered":"GROSSGLOCKNER - CRISTAL DE ROCHE"},"content":{"rendered":"<p><strong>CRISTAL DE MONTAGNE dont les faces terminales sont en grande partie intactes .<\/strong><\/p>\n<p>Cette pi\u00e8ce a \u00e9t\u00e9 trouv\u00e9e dans les ann\u00e9es 1960, lors de la construction du r\u00e9servoir Margritzen, lorsque les mineurs de l'\u00e9quipe de construction ont agrandi une \u00e9troite fissure de quartz dans la paroi Elisabeth \u00e0 l'aide d'explosifs - selon les rapports - de sorte que plusieurs grands gradins et cristaux individuels ont pu \u00eatre extraits.<\/p>\n<p>Curieusement, les d\u00e9couvertes de CRISTAL DE MONTAGNE dans la r\u00e9gion du plus haut sommet des Alpes orientales (3 878 m) sont plut\u00f4t rares, surtout du c\u00f4t\u00e9 de la Carinthie.<\/p>\n<p>Sur le march\u00e9, les CRISTALES GLOCKNER sont quasiment introuvables... !<\/p>\n<p>Lieu de d\u00e9couverte : GRO\u00dfGLOCKNER - MARGRITZENKOPF - FRANZ JOSEFSH\u00d6HE - Carinthie - Autriche<\/p>\n<p>Poids : 925 g( 0,9 kg)<\/p>\n<p>Dimmension : <strong>17 cm de long 8 cm de large<\/strong><\/p>","protected":false},"excerpt":{"rendered":"<p>CRISTAL DE MONTAGNE dont les faces terminales sont en grande partie intactes. Cette pi\u00e8ce a \u00e9t\u00e9 d\u00e9couverte dans les ann\u00e9es 1960, lors de la construction du r\u00e9servoir Margritzen, lorsque les mineurs de l'\u00e9quipe de construction ont agrandi \u00e0 l'aide d'explosifs - selon les rapports - une \u00e9troite fissure de quartz dans la paroi Elisabeth, de sorte que plusieurs grands gradins et cristaux individuels ont pu \u00eatre extraits. Curieusement, les d\u00e9couvertes de CRISTAL DE MONTAGNE dans la zone [...].<\/p>","protected":false},"featured_media":703,"template":"","meta":{"_acf_changed":false},"region":[59],"product_brand":[],"product_cat":[19],"product_tag":[],"class_list":{"0":"post-702","1":"product","2":"type-product","3":"status-publish","4":"has-post-thumbnail","6":"region-oesterreich","7":"product_cat-kristallstufen","9":"first","10":"outofstock","11":"sold-individually","12":"product-type-simple"},"acf":[],"_links":{"self":[{"href":"https:\/\/westgem.shop\/fr\/wp-json\/wp\/v2\/product\/702","targetHints":{"allow":["GET"]}}],"collection":[{"href":"https:\/\/westgem.shop\/fr\/wp-json\/wp\/v2\/product"}],"about":[{"href":"https:\/\/westgem.shop\/fr\/wp-json\/wp\/v2\/types\/product"}],"wp:featuredmedia":[{"embeddable":true,"href":"https:\/\/westgem.shop\/fr\/wp-json\/wp\/v2\/media\/703"}],"wp:attachment":[{"href":"https:\/\/westgem.shop\/fr\/wp-json\/wp\/v2\/media?parent=702"}],"wp:term":[{"taxonomy":"region","embeddable":true,"href":"https:\/\/westgem.shop\/fr\/wp-json\/wp\/v2\/region?post=702"},{"taxonomy":"product_brand","embeddable":true,"href":"https:\/\/westgem.shop\/fr\/wp-json\/wp\/v2\/product_brand?post=702"},{"taxonomy":"product_cat","embeddable":true,"href":"https:\/\/westgem.shop\/fr\/wp-json\/wp\/v2\/product_cat?post=702"},{"taxonomy":"product_tag","embeddable":true,"href":"https:\/\/westgem.shop\/fr\/wp-json\/wp\/v2\/product_tag?post=702"}],"curies":[{"name":"wp","href":"https:\/\/api.w.org\/{rel}","templated":true}]}}