{"id":707,"date":"2000-04-13T00:00:00","date_gmt":"2000-04-13T00:00:00","guid":{"rendered":"https:\/\/miners.rocks\/product\/157\/"},"modified":"2020-05-19T16:55:59","modified_gmt":"2020-05-19T16:55:59","slug":"gro%ef%ac%82e-etage-en-azurite-avec-malachite","status":"publish","type":"product","link":"https:\/\/westgem.shop\/fr\/produit\/gro%ef%ac%82e-etage-en-azurite-avec-malachite\/","title":{"rendered":"Grand STUDIO D'AZURITE avec malachite"},"content":{"rendered":"<p>Grands CRISTAUX D'AZURITE, bleu profond, pos\u00e9s tout autour sur une matrice de minerai de cuivre (BORNITE), accompagn\u00e9s de malachite<\/p>\n<p>localisation de la trouvaille : Tazoto - Maroc<\/p>\n<p>Poids : 2,3 kg !    Dimensions : 17 x 15 x 8 cm<\/p>","protected":false},"excerpt":{"rendered":"<p>Grandes CRISTALES d'AZURITE , d'un bleu profond, pos\u00e9es tout autour sur une matrice de minerai de cuivre (BORNITE), accompagn\u00e9es de malachite Lieu de d\u00e9couverte : Tazoto - Maroc Poids : 2,3 Kg. ! Dimensions : 17 x 15 x 8 cm<\/p>","protected":false},"featured_media":708,"template":"","meta":{"_acf_changed":false},"region":[],"product_brand":[],"product_cat":[15],"product_tag":[],"class_list":{"0":"post-707","1":"product","2":"type-product","3":"status-publish","4":"has-post-thumbnail","6":"product_cat-mineralien","8":"first","9":"outofstock","10":"sold-individually","11":"product-type-simple"},"acf":[],"_links":{"self":[{"href":"https:\/\/westgem.shop\/fr\/wp-json\/wp\/v2\/product\/707","targetHints":{"allow":["GET"]}}],"collection":[{"href":"https:\/\/westgem.shop\/fr\/wp-json\/wp\/v2\/product"}],"about":[{"href":"https:\/\/westgem.shop\/fr\/wp-json\/wp\/v2\/types\/product"}],"wp:featuredmedia":[{"embeddable":true,"href":"https:\/\/westgem.shop\/fr\/wp-json\/wp\/v2\/media\/708"}],"wp:attachment":[{"href":"https:\/\/westgem.shop\/fr\/wp-json\/wp\/v2\/media?parent=707"}],"wp:term":[{"taxonomy":"region","embeddable":true,"href":"https:\/\/westgem.shop\/fr\/wp-json\/wp\/v2\/region?post=707"},{"taxonomy":"product_brand","embeddable":true,"href":"https:\/\/westgem.shop\/fr\/wp-json\/wp\/v2\/product_brand?post=707"},{"taxonomy":"product_cat","embeddable":true,"href":"https:\/\/westgem.shop\/fr\/wp-json\/wp\/v2\/product_cat?post=707"},{"taxonomy":"product_tag","embeddable":true,"href":"https:\/\/westgem.shop\/fr\/wp-json\/wp\/v2\/product_tag?post=707"}],"curies":[{"name":"wp","href":"https:\/\/api.w.org\/{rel}","templated":true}]}}