{"id":712,"date":"2000-04-14T00:00:00","date_gmt":"2000-04-14T00:00:00","guid":{"rendered":"https:\/\/miners.rocks\/product\/158\/"},"modified":"2020-05-19T16:55:59","modified_gmt":"2020-05-19T16:55:59","slug":"cristal-de-roche-de-haute-montagne-xx-ankogel","status":"publish","type":"product","link":"https:\/\/westgem.shop\/fr\/produit\/cristal-de-roche-de-haute-montagne-xx-ankogel\/","title":{"rendered":"Haute montagne - CRISTAL DE MONTAGNE xx ANKOGEL"},"content":{"rendered":"<p>Ce niveau a \u00e9t\u00e9 trouv\u00e9 en 1972, \u00e0 environ 2.700 m\u00e8tres.<\/p>\n<p>Le plus grand cristal mesure 11 cm de long, il est d'une belle transparence et ses extr\u00e9mit\u00e9s sont intactes. Au total, 2 grandes (dont une jumelle), 1 moyenne et plusieurs petites CRISTALES DE MONTAGNE avec l'habitus typique des ANKOGEL sont pos\u00e9es sur la GNEISMATRIX.<\/p>\n<p>Les collectionneurs alpins devraient s'en emparer, car de telles pi\u00e8ces ne sont plus gu\u00e8re disponibles.<\/p>\n<p>Poids : 620 g Dimensions : 15 x 12 x 10 cm<\/p>","protected":false},"excerpt":{"rendered":"<p>Ce niveau a \u00e9t\u00e9 trouv\u00e9 en 1972, \u00e0 environ 2.700 m\u00e8tres. Le plus grand cristal mesure 11 cm de long, il est bien transparent et les faces terminales sont intactes. Au total, il y a sur la GNEISMATRIX - 2 grandes (dont une jumelle), 1 moyenne et plusieurs petites CRISTALES DE MONTAGNE avec l'habitus typique d'ANKOGEL. Les collectionneurs alpins devraient s'en emparer, de telles pi\u00e8ces ne sont gu\u00e8re [...].<\/p>","protected":false},"featured_media":713,"template":"","meta":{"_acf_changed":false},"region":[],"product_brand":[],"product_cat":[15],"product_tag":[],"class_list":{"0":"post-712","1":"product","2":"type-product","3":"status-publish","4":"has-post-thumbnail","6":"product_cat-mineralien","8":"first","9":"outofstock","10":"sold-individually","11":"product-type-simple"},"acf":[],"_links":{"self":[{"href":"https:\/\/westgem.shop\/fr\/wp-json\/wp\/v2\/product\/712","targetHints":{"allow":["GET"]}}],"collection":[{"href":"https:\/\/westgem.shop\/fr\/wp-json\/wp\/v2\/product"}],"about":[{"href":"https:\/\/westgem.shop\/fr\/wp-json\/wp\/v2\/types\/product"}],"wp:featuredmedia":[{"embeddable":true,"href":"https:\/\/westgem.shop\/fr\/wp-json\/wp\/v2\/media\/713"}],"wp:attachment":[{"href":"https:\/\/westgem.shop\/fr\/wp-json\/wp\/v2\/media?parent=712"}],"wp:term":[{"taxonomy":"region","embeddable":true,"href":"https:\/\/westgem.shop\/fr\/wp-json\/wp\/v2\/region?post=712"},{"taxonomy":"product_brand","embeddable":true,"href":"https:\/\/westgem.shop\/fr\/wp-json\/wp\/v2\/product_brand?post=712"},{"taxonomy":"product_cat","embeddable":true,"href":"https:\/\/westgem.shop\/fr\/wp-json\/wp\/v2\/product_cat?post=712"},{"taxonomy":"product_tag","embeddable":true,"href":"https:\/\/westgem.shop\/fr\/wp-json\/wp\/v2\/product_tag?post=712"}],"curies":[{"name":"wp","href":"https:\/\/api.w.org\/{rel}","templated":true}]}}