{"id":716,"date":"2000-04-15T00:00:00","date_gmt":"2000-04-15T00:00:00","guid":{"rendered":"https:\/\/miners.rocks\/product\/159\/"},"modified":"2020-05-19T16:55:59","modified_gmt":"2020-05-19T16:55:59","slug":"cristal-de-roche-de-haute-montagne-tauern-xx","status":"publish","type":"product","link":"https:\/\/westgem.shop\/fr\/produit\/cristal-de-roche-de-haute-montagne-tauern-xx\/","title":{"rendered":"HOCHALPIN - TAUERN BERGKRISTALL xx"},"content":{"rendered":"<p>La petite vall\u00e9e de la Flei\u00df m\u00e8ne de HEILIGENBLUT en direction du HOHER SONNBLICK et du GOLDZECHKOPF . Dans cette r\u00e9gion, on a recherch\u00e9 pendant des si\u00e8cles le fameux TAUERNGOLD et les 3.000 m\u00e8tres qui l'entourent sont \u00e9galement connus pour leurs d\u00e9couvertes spectaculaires de CRISTAL DE MONTAGNE.<\/p>\n<p>Aujourd'hui, cette r\u00e9gion se trouve dans la zone centrale du PARC NATIONAL DES HAUTES TAUERNES - la recherche de min\u00e9raux est INTERDITE - c'est pourquoi il n'y a bien s\u00fbr plus rien d'officiel d'ici !<\/p>\n<p>Cette grande marche a \u00e9t\u00e9 trouv\u00e9e en 1972 dans le RICHARDSWAND et il est inutile de pr\u00e9ciser que de telles pi\u00e8ces ne sont pratiquement pas disponibles sur le march\u00e9.<\/p>\n<p>Poids : 2,3 kg Dimensions : 18 x 14 x 16 cm<\/p>","protected":false},"excerpt":{"rendered":"<p>La petite vall\u00e9e de la Flei\u00df m\u00e8ne de HEILIGENBLUT en direction du HOHER SONNBLICK et du GOLDZECHKOPF . Dans cette r\u00e9gion, on a cherch\u00e9 pendant des si\u00e8cles le fameux TAUERNGOLD et les 3.000 m\u00e8tres qui l'entourent sont \u00e9galement connus pour leurs d\u00e9couvertes spectaculaires de CRISTAL DE MONTAGNE. Aujourd'hui, cette r\u00e9gion se trouve dans la zone centrale du PARC NATIONAL DES HAUTES TAURES - la recherche de min\u00e9raux est INTERDITE - c'est pourquoi [...]<\/p>","protected":false},"featured_media":717,"template":"","meta":{"_acf_changed":false},"region":[],"product_brand":[],"product_cat":[15],"product_tag":[],"class_list":{"0":"post-716","1":"product","2":"type-product","3":"status-publish","4":"has-post-thumbnail","6":"product_cat-mineralien","8":"first","9":"outofstock","10":"sold-individually","11":"product-type-simple"},"acf":[],"_links":{"self":[{"href":"https:\/\/westgem.shop\/fr\/wp-json\/wp\/v2\/product\/716","targetHints":{"allow":["GET"]}}],"collection":[{"href":"https:\/\/westgem.shop\/fr\/wp-json\/wp\/v2\/product"}],"about":[{"href":"https:\/\/westgem.shop\/fr\/wp-json\/wp\/v2\/types\/product"}],"wp:featuredmedia":[{"embeddable":true,"href":"https:\/\/westgem.shop\/fr\/wp-json\/wp\/v2\/media\/717"}],"wp:attachment":[{"href":"https:\/\/westgem.shop\/fr\/wp-json\/wp\/v2\/media?parent=716"}],"wp:term":[{"taxonomy":"region","embeddable":true,"href":"https:\/\/westgem.shop\/fr\/wp-json\/wp\/v2\/region?post=716"},{"taxonomy":"product_brand","embeddable":true,"href":"https:\/\/westgem.shop\/fr\/wp-json\/wp\/v2\/product_brand?post=716"},{"taxonomy":"product_cat","embeddable":true,"href":"https:\/\/westgem.shop\/fr\/wp-json\/wp\/v2\/product_cat?post=716"},{"taxonomy":"product_tag","embeddable":true,"href":"https:\/\/westgem.shop\/fr\/wp-json\/wp\/v2\/product_tag?post=716"}],"curies":[{"name":"wp","href":"https:\/\/api.w.org\/{rel}","templated":true}]}}