{"id":719,"date":"2000-04-16T00:00:00","date_gmt":"2000-04-16T00:00:00","guid":{"rendered":"https:\/\/miners.rocks\/product\/161\/"},"modified":"2020-05-19T16:56:00","modified_gmt":"2020-05-19T16:56:00","slug":"orchidee-calcite-boule-3-kg","status":"publish","type":"product","link":"https:\/\/westgem.shop\/fr\/produit\/orchidee-calcite-boule-3-kg\/","title":{"rendered":"\" ORCHIDEENCALCIT \" BOULE - 3 KG"},"content":{"rendered":"<p>On appelle \"CALCITE D'ORCHIDEES\" une CALCITE ROUGE avec de l'ACTINOLITE intercal\u00e9e.<\/p>\n<p>Pi\u00e8ce de d\u00e9coration int\u00e9rieure tr\u00e8s attrayante - taill\u00e9e et polie \u00e0 la main \u00e0 Madagascar.<\/p>\n<p>Le diam\u00e8tre est de 15 cm Poids 3 kilogrammes<\/p>","protected":false},"excerpt":{"rendered":"<p>On appelle \"ORCHIDEEN CALCIT\" une CALCITE ROUGE avec de l'ACTINOLITE intercal\u00e9e. Pi\u00e8ce de d\u00e9coration int\u00e9rieure tr\u00e8s attrayante - taill\u00e9e et polie \u00e0 la main \u00e0 Madagascar. Le diam\u00e8tre est de 15 cm et le poids de 3 kg.<\/p>","protected":false},"featured_media":720,"template":"","meta":{"_acf_changed":false},"region":[],"product_brand":[],"product_cat":[15],"product_tag":[],"class_list":{"0":"post-719","1":"product","2":"type-product","3":"status-publish","4":"has-post-thumbnail","6":"product_cat-mineralien","8":"first","9":"outofstock","10":"sold-individually","11":"product-type-simple"},"acf":[],"_links":{"self":[{"href":"https:\/\/westgem.shop\/fr\/wp-json\/wp\/v2\/product\/719","targetHints":{"allow":["GET"]}}],"collection":[{"href":"https:\/\/westgem.shop\/fr\/wp-json\/wp\/v2\/product"}],"about":[{"href":"https:\/\/westgem.shop\/fr\/wp-json\/wp\/v2\/types\/product"}],"wp:featuredmedia":[{"embeddable":true,"href":"https:\/\/westgem.shop\/fr\/wp-json\/wp\/v2\/media\/720"}],"wp:attachment":[{"href":"https:\/\/westgem.shop\/fr\/wp-json\/wp\/v2\/media?parent=719"}],"wp:term":[{"taxonomy":"region","embeddable":true,"href":"https:\/\/westgem.shop\/fr\/wp-json\/wp\/v2\/region?post=719"},{"taxonomy":"product_brand","embeddable":true,"href":"https:\/\/westgem.shop\/fr\/wp-json\/wp\/v2\/product_brand?post=719"},{"taxonomy":"product_cat","embeddable":true,"href":"https:\/\/westgem.shop\/fr\/wp-json\/wp\/v2\/product_cat?post=719"},{"taxonomy":"product_tag","embeddable":true,"href":"https:\/\/westgem.shop\/fr\/wp-json\/wp\/v2\/product_tag?post=719"}],"curies":[{"name":"wp","href":"https:\/\/api.w.org\/{rel}","templated":true}]}}