{"id":722,"date":"2011-07-17T00:00:00","date_gmt":"2011-07-17T00:00:00","guid":{"rendered":"https:\/\/miners.rocks\/product\/162\/"},"modified":"2021-09-18T15:58:45","modified_gmt":"2021-09-18T15:58:45","slug":"cristal-alpin-haut-tauern","status":"publish","type":"product","link":"https:\/\/westgem.shop\/fr\/produit\/cristal-alpin-haut-tauern\/","title":{"rendered":"CRISTAL ALPIN - HOHE TAUERN"},"content":{"rendered":"<p><strong>Niveau en CRISTAL DE MONTAGNE avec pointes claires et CHLORITE. <\/strong><\/p>\n<p>C'est une paragen\u00e8se de fissures typique d'ALPINE.<\/p>\n<p>Ce niveau provient d'une d\u00e9couverte de 1972. Aujourd'hui, la recherche de min\u00e9raux n'est plus autoris\u00e9e dans le parc national des Hautes-Tauris.<\/p>\n<p>Lieu de d\u00e9couverte :<strong> Kleines Flei\u00dftal - Heiligenblut - Carinthie - Autriche<\/strong><\/p>\n<p>Poids : 860 g ( 0,86 kg)<\/p>\n<p>Dimensions : <strong>15 x 12 x 10 cm<\/strong><\/p>","protected":false},"excerpt":{"rendered":"<p>Niveau en CRISTAL DE MONTAGNE avec des pointes claires et de la CHLORITE. Il s'agit d'une paragen\u00e8se de fissures typiquement ALPINE. Cet \u00e9tage provient d'une d\u00e9couverte de 1972. Aujourd'hui, la recherche de min\u00e9raux n'est plus autoris\u00e9e dans le parc national des HOHE TAUERN. Lieu de d\u00e9couverte : Kleines Flei\u00dftal - Heiligenblut - Carinthie - Autriche Poids : 860 g ( 0,86 kg) Dimensions : 15 x 12 [...]<\/p>","protected":false},"featured_media":723,"template":"","meta":{"_acf_changed":false},"region":[59],"product_brand":[],"product_cat":[22],"product_tag":[],"class_list":{"0":"post-722","1":"product","2":"type-product","3":"status-publish","4":"has-post-thumbnail","6":"region-oesterreich","7":"product_cat-allgemein","9":"first","10":"outofstock","11":"sold-individually","12":"product-type-simple"},"acf":[],"_links":{"self":[{"href":"https:\/\/westgem.shop\/fr\/wp-json\/wp\/v2\/product\/722","targetHints":{"allow":["GET"]}}],"collection":[{"href":"https:\/\/westgem.shop\/fr\/wp-json\/wp\/v2\/product"}],"about":[{"href":"https:\/\/westgem.shop\/fr\/wp-json\/wp\/v2\/types\/product"}],"wp:featuredmedia":[{"embeddable":true,"href":"https:\/\/westgem.shop\/fr\/wp-json\/wp\/v2\/media\/723"}],"wp:attachment":[{"href":"https:\/\/westgem.shop\/fr\/wp-json\/wp\/v2\/media?parent=722"}],"wp:term":[{"taxonomy":"region","embeddable":true,"href":"https:\/\/westgem.shop\/fr\/wp-json\/wp\/v2\/region?post=722"},{"taxonomy":"product_brand","embeddable":true,"href":"https:\/\/westgem.shop\/fr\/wp-json\/wp\/v2\/product_brand?post=722"},{"taxonomy":"product_cat","embeddable":true,"href":"https:\/\/westgem.shop\/fr\/wp-json\/wp\/v2\/product_cat?post=722"},{"taxonomy":"product_tag","embeddable":true,"href":"https:\/\/westgem.shop\/fr\/wp-json\/wp\/v2\/product_tag?post=722"}],"curies":[{"name":"wp","href":"https:\/\/api.w.org\/{rel}","templated":true}]}}