{"id":728,"date":"2000-04-18T00:00:00","date_gmt":"2000-04-18T00:00:00","guid":{"rendered":"https:\/\/miners.rocks\/product\/163\/"},"modified":"2020-05-19T16:56:00","modified_gmt":"2020-05-19T16:56:00","slug":"boule-deco-calcite-bleue","status":"publish","type":"product","link":"https:\/\/westgem.shop\/fr\/produit\/boule-deco-calcite-bleue\/","title":{"rendered":"DECO BOULE - CALCITE bleue"},"content":{"rendered":"<p>Belle CALCITE BLEUE de Madagascar, taill\u00e9e en une grosse boule tr\u00e8s attractive.<\/p>\n<p>Poids : 1,8 kilogramme - Diam\u00e8tre : 11 cm<\/p>\n<p>Livraison avec support \u00e0 billes.<\/p>","protected":false},"excerpt":{"rendered":"<p>Belle CALCITE BLEUE de Madagascar, taill\u00e9e en une grande sph\u00e8re tr\u00e8s attractive. Poids : 1,8 kilogramme - diam\u00e8tre 11 cm. Livraison avec support.<\/p>","protected":false},"featured_media":729,"template":"","meta":{"_acf_changed":false},"region":[],"product_brand":[],"product_cat":[15],"product_tag":[],"class_list":{"0":"post-728","1":"product","2":"type-product","3":"status-publish","4":"has-post-thumbnail","6":"product_cat-mineralien","8":"first","9":"outofstock","10":"sold-individually","11":"product-type-simple"},"acf":[],"_links":{"self":[{"href":"https:\/\/westgem.shop\/fr\/wp-json\/wp\/v2\/product\/728","targetHints":{"allow":["GET"]}}],"collection":[{"href":"https:\/\/westgem.shop\/fr\/wp-json\/wp\/v2\/product"}],"about":[{"href":"https:\/\/westgem.shop\/fr\/wp-json\/wp\/v2\/types\/product"}],"wp:featuredmedia":[{"embeddable":true,"href":"https:\/\/westgem.shop\/fr\/wp-json\/wp\/v2\/media\/729"}],"wp:attachment":[{"href":"https:\/\/westgem.shop\/fr\/wp-json\/wp\/v2\/media?parent=728"}],"wp:term":[{"taxonomy":"region","embeddable":true,"href":"https:\/\/westgem.shop\/fr\/wp-json\/wp\/v2\/region?post=728"},{"taxonomy":"product_brand","embeddable":true,"href":"https:\/\/westgem.shop\/fr\/wp-json\/wp\/v2\/product_brand?post=728"},{"taxonomy":"product_cat","embeddable":true,"href":"https:\/\/westgem.shop\/fr\/wp-json\/wp\/v2\/product_cat?post=728"},{"taxonomy":"product_tag","embeddable":true,"href":"https:\/\/westgem.shop\/fr\/wp-json\/wp\/v2\/product_tag?post=728"}],"curies":[{"name":"wp","href":"https:\/\/api.w.org\/{rel}","templated":true}]}}