{"id":731,"date":"2000-04-19T00:00:00","date_gmt":"2000-04-19T00:00:00","guid":{"rendered":"https:\/\/miners.rocks\/product\/165\/"},"modified":"2020-05-19T16:56:01","modified_gmt":"2020-05-19T16:56:01","slug":"amethyste-xx-kaiserbachtal-palatinat","status":"publish","type":"product","link":"https:\/\/westgem.shop\/fr\/produit\/amethyste-xx-kaiserbachtal-palatinat\/","title":{"rendered":"AMETHYST xx - Kaiserbachtal\/Palatinat"},"content":{"rendered":"<p>\n\tLa vall\u00e9e du Kaiserbach \u00e0 HUNSR\u00dcCK (cha\u00eene de montagnes entre IDAR OBERSTEIN et la MOSELLE) est le lieu de d\u00e9couverte de l'AMETHYSTE , de l'ACHAT , du JASPIS et d'autres VARI\u00c9T\u00c9S de quartz : .<\/p>\n<p>\n\tCes min\u00e9raux se sont form\u00e9s il y a environ 290 millions d'ann\u00e9es, au cours d'une forte activit\u00e9 volcanique qui a dur\u00e9 des millions d'ann\u00e9es, dans un puissant corps de BASALT.<\/p>\n<p>\n\tAMETHYSTE de premi\u00e8re qualit\u00e9 avec CALCIT .<\/p>\n<p>\n\tPoids:1.85 kilogramme Dimensions : 17 x 11 x 12 cm<\/p>","protected":false},"excerpt":{"rendered":"<p>La vall\u00e9e du Kaiserbach \u00e0 HUNSR\u00dcCK (cha\u00eene de montagnes entre IDAR OBERSTEIN et la MOSELLE) est le lieu de d\u00e9couverte de l'AMETHYSTE , de l'ACHAT , du JASPIS et d'autres VARI\u00c9T\u00c9S de quartz : . Ces min\u00e9raux se sont form\u00e9s il y a environ 290 millions d'ann\u00e9es, au cours d'une forte activit\u00e9 volcanique qui a dur\u00e9 des millions d'ann\u00e9es, dans un puissant corps de BASALT. NIVEAU D'AMETHYSTE de premi\u00e8re qualit\u00e9 avec CALCITE . Poids : 1,85 kilogramme Dimensions : 17 x 11 x 12 cm<\/p>","protected":false},"featured_media":732,"template":"","meta":{"_acf_changed":false},"region":[],"product_brand":[],"product_cat":[15],"product_tag":[],"class_list":{"0":"post-731","1":"product","2":"type-product","3":"status-publish","4":"has-post-thumbnail","6":"product_cat-mineralien","8":"first","9":"outofstock","10":"sold-individually","11":"product-type-simple"},"acf":[],"_links":{"self":[{"href":"https:\/\/westgem.shop\/fr\/wp-json\/wp\/v2\/product\/731","targetHints":{"allow":["GET"]}}],"collection":[{"href":"https:\/\/westgem.shop\/fr\/wp-json\/wp\/v2\/product"}],"about":[{"href":"https:\/\/westgem.shop\/fr\/wp-json\/wp\/v2\/types\/product"}],"wp:featuredmedia":[{"embeddable":true,"href":"https:\/\/westgem.shop\/fr\/wp-json\/wp\/v2\/media\/732"}],"wp:attachment":[{"href":"https:\/\/westgem.shop\/fr\/wp-json\/wp\/v2\/media?parent=731"}],"wp:term":[{"taxonomy":"region","embeddable":true,"href":"https:\/\/westgem.shop\/fr\/wp-json\/wp\/v2\/region?post=731"},{"taxonomy":"product_brand","embeddable":true,"href":"https:\/\/westgem.shop\/fr\/wp-json\/wp\/v2\/product_brand?post=731"},{"taxonomy":"product_cat","embeddable":true,"href":"https:\/\/westgem.shop\/fr\/wp-json\/wp\/v2\/product_cat?post=731"},{"taxonomy":"product_tag","embeddable":true,"href":"https:\/\/westgem.shop\/fr\/wp-json\/wp\/v2\/product_tag?post=731"}],"curies":[{"name":"wp","href":"https:\/\/api.w.org\/{rel}","templated":true}]}}