{"id":736,"date":"2000-04-20T00:00:00","date_gmt":"2000-04-20T00:00:00","guid":{"rendered":"https:\/\/miners.rocks\/product\/166\/"},"modified":"2020-05-19T16:56:02","modified_gmt":"2020-05-19T16:56:02","slug":"wurtzit-xx-montagne-de-plomb","status":"publish","type":"product","link":"https:\/\/westgem.shop\/fr\/produit\/wurtzit-xx-montagne-de-plomb\/","title":{"rendered":"WURTZIT xx -BLEIBERG"},"content":{"rendered":"<p>SULFIDE DE ZINC BETA tr\u00e8s rare, avec une forte proportion de CADMIUM. xx en forme de tonneau, en grappe, avec un REV\u00caTEMENT DE CALCITE.<\/p>\n<p>Le lieu de d\u00e9couverte est le fameux bassin minier de BLEIBEERG\/KREUTH - localit\u00e9 type de WULFENIT.<\/p>\n<p>Fosse Antoni - 11e manche<\/p>\n<p>Poids de l'\u00e9tage 1,9 kilogramme Dimensions : 18 x 13 x 7 cm<\/p>","protected":false},"excerpt":{"rendered":"<p>Un SULFIDE DE ZINC BETA tr\u00e8s rare, avec une forte proportion de CADMIUM. xx en forme de tonneau, en grappe, avec une pr\u00e9dominance de CALCITE. Le lieu de d\u00e9couverte est le c\u00e9l\u00e8bre bassin minier de BLEIBEERG\/KREUTH - localit\u00e9 type de WULFENIT. Mine Antoni - 11e manche Poids du niveau 1,9 kilogramme Dimensions : 18 x 13 x 7 cm<\/p>","protected":false},"featured_media":737,"template":"","meta":{"_acf_changed":false},"region":[],"product_brand":[],"product_cat":[15],"product_tag":[],"class_list":{"0":"post-736","1":"product","2":"type-product","3":"status-publish","4":"has-post-thumbnail","6":"product_cat-mineralien","8":"first","9":"outofstock","10":"sold-individually","11":"product-type-simple"},"acf":[],"_links":{"self":[{"href":"https:\/\/westgem.shop\/fr\/wp-json\/wp\/v2\/product\/736","targetHints":{"allow":["GET"]}}],"collection":[{"href":"https:\/\/westgem.shop\/fr\/wp-json\/wp\/v2\/product"}],"about":[{"href":"https:\/\/westgem.shop\/fr\/wp-json\/wp\/v2\/types\/product"}],"wp:featuredmedia":[{"embeddable":true,"href":"https:\/\/westgem.shop\/fr\/wp-json\/wp\/v2\/media\/737"}],"wp:attachment":[{"href":"https:\/\/westgem.shop\/fr\/wp-json\/wp\/v2\/media?parent=736"}],"wp:term":[{"taxonomy":"region","embeddable":true,"href":"https:\/\/westgem.shop\/fr\/wp-json\/wp\/v2\/region?post=736"},{"taxonomy":"product_brand","embeddable":true,"href":"https:\/\/westgem.shop\/fr\/wp-json\/wp\/v2\/product_brand?post=736"},{"taxonomy":"product_cat","embeddable":true,"href":"https:\/\/westgem.shop\/fr\/wp-json\/wp\/v2\/product_cat?post=736"},{"taxonomy":"product_tag","embeddable":true,"href":"https:\/\/westgem.shop\/fr\/wp-json\/wp\/v2\/product_tag?post=736"}],"curies":[{"name":"wp","href":"https:\/\/api.w.org\/{rel}","templated":true}]}}