{"id":741,"date":"2000-04-21T00:00:00","date_gmt":"2000-04-21T00:00:00","guid":{"rendered":"https:\/\/miners.rocks\/product\/167\/"},"modified":"2020-05-19T16:56:03","modified_gmt":"2020-05-19T16:56:03","slug":"woelsendorf-fluorite-xx","status":"publish","type":"product","link":"https:\/\/westgem.shop\/fr\/produit\/woelsendorf-fluorite-xx\/","title":{"rendered":"W\u00d6LSENDORF -FLUORIT xx"},"content":{"rendered":"<p>Paragen\u00e8se min\u00e9rale typique du c\u00e9l\u00e8bre bassin minier de W\u00f6lsendorf-Oberpfalz - Bavi\u00e8re. L'exploitation de la galenite a \u00e9t\u00e9 document\u00e9e d\u00e8s 1472. Au 19\u00e8me si\u00e8cle, W\u00f6lsendorf comptait parmi les plus grands fournisseurs mondiaux de FLU\u00dfSPAT , pour l'industrie m\u00e9tallurgique et l'industrie du verre.<\/p>\n<p>Les derni\u00e8res mines ont \u00e9t\u00e9 ferm\u00e9es en 1987.<\/p>\n<p>Ce niveau en FLUORITE est parsem\u00e9 de nombreux CRISTALLES CHALCOPYRITES en saillie. Il y a \u00e9galement xx BARYT de couleur rose.<\/p>\n<p>Poids : 1.30 kilogramme Dimensions : 13 x 11 x 9 cm<\/p>","protected":false},"excerpt":{"rendered":"<p>Paragen\u00e8se min\u00e9rale typique du c\u00e9l\u00e8bre bassin minier de W\u00f6lsendorf-Oberpfalz - Bavi\u00e8re. L'exploitation de la galenite a \u00e9t\u00e9 document\u00e9e d\u00e8s 1472. Au 19\u00e8me si\u00e8cle, W\u00f6lsendorf comptait parmi les plus grands fournisseurs mondiaux de FLU\u00dfSPAT , pour l'industrie m\u00e9tallurgique et du verre. Les derni\u00e8res mines ont \u00e9t\u00e9 ferm\u00e9es en 1987. Ce niveau de FLUORITE est parsem\u00e9 de nombreux CRISTALLES DE CHALCOPYRITE en place, de plus [...].<\/p>","protected":false},"featured_media":742,"template":"","meta":{"_acf_changed":false},"region":[],"product_brand":[],"product_cat":[15],"product_tag":[],"class_list":{"0":"post-741","1":"product","2":"type-product","3":"status-publish","4":"has-post-thumbnail","6":"product_cat-mineralien","8":"first","9":"outofstock","10":"sold-individually","11":"product-type-simple"},"acf":[],"_links":{"self":[{"href":"https:\/\/westgem.shop\/fr\/wp-json\/wp\/v2\/product\/741","targetHints":{"allow":["GET"]}}],"collection":[{"href":"https:\/\/westgem.shop\/fr\/wp-json\/wp\/v2\/product"}],"about":[{"href":"https:\/\/westgem.shop\/fr\/wp-json\/wp\/v2\/types\/product"}],"wp:featuredmedia":[{"embeddable":true,"href":"https:\/\/westgem.shop\/fr\/wp-json\/wp\/v2\/media\/742"}],"wp:attachment":[{"href":"https:\/\/westgem.shop\/fr\/wp-json\/wp\/v2\/media?parent=741"}],"wp:term":[{"taxonomy":"region","embeddable":true,"href":"https:\/\/westgem.shop\/fr\/wp-json\/wp\/v2\/region?post=741"},{"taxonomy":"product_brand","embeddable":true,"href":"https:\/\/westgem.shop\/fr\/wp-json\/wp\/v2\/product_brand?post=741"},{"taxonomy":"product_cat","embeddable":true,"href":"https:\/\/westgem.shop\/fr\/wp-json\/wp\/v2\/product_cat?post=741"},{"taxonomy":"product_tag","embeddable":true,"href":"https:\/\/westgem.shop\/fr\/wp-json\/wp\/v2\/product_tag?post=741"}],"curies":[{"name":"wp","href":"https:\/\/api.w.org\/{rel}","templated":true}]}}