{"id":746,"date":"2000-04-22T00:00:00","date_gmt":"2000-04-22T00:00:00","guid":{"rendered":"https:\/\/miners.rocks\/product\/168\/"},"modified":"2020-05-19T16:56:03","modified_gmt":"2020-05-19T16:56:03","slug":"boule-de-pyrite-taillee-a-la-main","status":"publish","type":"product","link":"https:\/\/westgem.shop\/fr\/produit\/boule-de-pyrite-taillee-a-la-main\/","title":{"rendered":"BILLES EN PYRITE taill\u00e9es \u00e0 la main"},"content":{"rendered":"<p>-d'une seule pi\u00e8ce de PYRITE, taill\u00e9e dans la c\u00e9l\u00e8bre mine de HUANZALA dans les ANDES p\u00e9ruviennes.<\/p>\n<p>Le min\u00e9ral PYRITE (SCHWEFELKIES) est en fait quasiment impossible \u00e0 tailler en raison de sa grande fragilit\u00e9. Les pierres pr\u00e9cieuses sont g\u00e9n\u00e9ralement fabriqu\u00e9es \u00e0 partir de la CHALCOPYRITE, plus facile \u00e0 travailler.<\/p>\n<p>Dans les cavit\u00e9s de cette sph\u00e8re, on peut voir des CRISTALES PYRITIQUES avec des faces terminales qui ont pouss\u00e9.<\/p>\n<p>Poids : 710 grammes Diam\u00e8tre : 7 cm<\/p>","protected":false},"excerpt":{"rendered":"<p>-taill\u00e9 dans un morceau de PYRITE, provenant de la c\u00e9l\u00e8bre mine HUANZALA dans les ANDES p\u00e9ruviennes. Le min\u00e9ral PYRITE (SCHWEFELKIES) est en fait presque impossible \u00e0 tailler en raison de sa grande fragilit\u00e9. Les pierres pr\u00e9cieuses sont g\u00e9n\u00e9ralement fabriqu\u00e9es \u00e0 partir de la CHALCOPYRITE, plus facile \u00e0 travailler. Dans les cavit\u00e9s de cette sph\u00e8re, on peut voir des CRISTALES PYRITIQUES avec des surfaces terminales cir\u00e9es. Poids : 710 grammes Diam\u00e8tre : 7 cm<\/p>","protected":false},"featured_media":747,"template":"","meta":{"_acf_changed":false},"region":[],"product_brand":[],"product_cat":[15],"product_tag":[],"class_list":{"0":"post-746","1":"product","2":"type-product","3":"status-publish","4":"has-post-thumbnail","6":"product_cat-mineralien","8":"first","9":"outofstock","10":"sold-individually","11":"product-type-simple"},"acf":[],"_links":{"self":[{"href":"https:\/\/westgem.shop\/fr\/wp-json\/wp\/v2\/product\/746","targetHints":{"allow":["GET"]}}],"collection":[{"href":"https:\/\/westgem.shop\/fr\/wp-json\/wp\/v2\/product"}],"about":[{"href":"https:\/\/westgem.shop\/fr\/wp-json\/wp\/v2\/types\/product"}],"wp:featuredmedia":[{"embeddable":true,"href":"https:\/\/westgem.shop\/fr\/wp-json\/wp\/v2\/media\/747"}],"wp:attachment":[{"href":"https:\/\/westgem.shop\/fr\/wp-json\/wp\/v2\/media?parent=746"}],"wp:term":[{"taxonomy":"region","embeddable":true,"href":"https:\/\/westgem.shop\/fr\/wp-json\/wp\/v2\/region?post=746"},{"taxonomy":"product_brand","embeddable":true,"href":"https:\/\/westgem.shop\/fr\/wp-json\/wp\/v2\/product_brand?post=746"},{"taxonomy":"product_cat","embeddable":true,"href":"https:\/\/westgem.shop\/fr\/wp-json\/wp\/v2\/product_cat?post=746"},{"taxonomy":"product_tag","embeddable":true,"href":"https:\/\/westgem.shop\/fr\/wp-json\/wp\/v2\/product_tag?post=746"}],"curies":[{"name":"wp","href":"https:\/\/api.w.org\/{rel}","templated":true}]}}