{"id":751,"date":"2000-04-23T00:00:00","date_gmt":"2000-04-23T00:00:00","guid":{"rendered":"https:\/\/miners.rocks\/product\/169\/"},"modified":"2020-05-19T16:56:04","modified_gmt":"2020-05-19T16:56:04","slug":"perroquet-chrysocolle","status":"publish","type":"product","link":"https:\/\/westgem.shop\/fr\/produit\/perroquet-chrysocolle\/","title":{"rendered":"PERROQUET - CHRYSOCOLLE"},"content":{"rendered":"<p>Grand OISEAU EN PIERRE, tr\u00e8s d\u00e9coratif, sculpt\u00e9 \u00e0 la main.<\/p>\n<p>Le corps de l'oiseau est fait d'une seule pi\u00e8ce de CHRYSOCOL et le bec est fait de PINK ANDENOPAL. La queue est en CALCITE blanche, SODALITH et ANDENOPAL. Le socle est sculpt\u00e9 en ARAGONITE.<\/p>\n<p>Poids : 1,6 kilogramme Hauteur totale : 23 cm<\/p>","protected":false},"excerpt":{"rendered":"<p>Grand oiseau en pierre pr\u00e9cieuse, tr\u00e8s d\u00e9coratif, sculpt\u00e9 \u00e0 la main. Le corps de l'oiseau est fait d'une seule pi\u00e8ce de CHRYSOCOL et le bec est en ANDENOPAL ROSE. La queue est en CALCITE blanche, SODALITH et ANDENOPAL. Le socle est sculpt\u00e9 en ARAGONITE. Poids : 1,6 kilogrammes Hauteur totale : 23 cm<\/p>","protected":false},"featured_media":752,"template":"","meta":{"_acf_changed":false},"region":[],"product_brand":[],"product_cat":[15],"product_tag":[],"class_list":{"0":"post-751","1":"product","2":"type-product","3":"status-publish","4":"has-post-thumbnail","6":"product_cat-mineralien","8":"first","9":"outofstock","10":"sold-individually","11":"product-type-simple"},"acf":[],"_links":{"self":[{"href":"https:\/\/westgem.shop\/fr\/wp-json\/wp\/v2\/product\/751","targetHints":{"allow":["GET"]}}],"collection":[{"href":"https:\/\/westgem.shop\/fr\/wp-json\/wp\/v2\/product"}],"about":[{"href":"https:\/\/westgem.shop\/fr\/wp-json\/wp\/v2\/types\/product"}],"wp:featuredmedia":[{"embeddable":true,"href":"https:\/\/westgem.shop\/fr\/wp-json\/wp\/v2\/media\/752"}],"wp:attachment":[{"href":"https:\/\/westgem.shop\/fr\/wp-json\/wp\/v2\/media?parent=751"}],"wp:term":[{"taxonomy":"region","embeddable":true,"href":"https:\/\/westgem.shop\/fr\/wp-json\/wp\/v2\/region?post=751"},{"taxonomy":"product_brand","embeddable":true,"href":"https:\/\/westgem.shop\/fr\/wp-json\/wp\/v2\/product_brand?post=751"},{"taxonomy":"product_cat","embeddable":true,"href":"https:\/\/westgem.shop\/fr\/wp-json\/wp\/v2\/product_cat?post=751"},{"taxonomy":"product_tag","embeddable":true,"href":"https:\/\/westgem.shop\/fr\/wp-json\/wp\/v2\/product_tag?post=751"}],"curies":[{"name":"wp","href":"https:\/\/api.w.org\/{rel}","templated":true}]}}