{"id":755,"date":"2000-04-24T00:00:00","date_gmt":"2000-04-24T00:00:00","guid":{"rendered":"https:\/\/miners.rocks\/product\/170\/"},"modified":"2020-05-19T16:56:04","modified_gmt":"2020-05-19T16:56:04","slug":"bois-petrifie-malgache","status":"publish","type":"product","link":"https:\/\/westgem.shop\/fr\/produit\/bois-petrifie-malgache\/","title":{"rendered":"BOIS PERFOR\u00c9 - Madagascar"},"content":{"rendered":"<p>ARAUCARIEN morceau de branche , polie d'un c\u00f4t\u00e9 avec des structures et des couleurs attrayantes.<\/p>\n<p>Les bois p\u00e9trifi\u00e9s de cette r\u00e9gion de Madagascar ont environ 100 millions d'ann\u00e9es - il faut souligner l'\u00e9corce encore pr\u00e9serv\u00e9e tout autour.<\/p>\n<p>localisation de la trouvaille : Mt. Bity - Vall\u00e9e de Manando - Madagascar<\/p>\n<p>Poids de la pi\u00e8ce : 530 grammes ( 0,53 kg)<\/p>\n<p>Longueur ou hauteur : 9,5 cm Diam\u00e8tre : 7 cm<\/p>","protected":false},"excerpt":{"rendered":"<p>ARAUCARIEN Morceau de branche , poli sur une face avec des structures et des couleurs attrayantes. Les bois fossilis\u00e9s de cette r\u00e9gion de Madagascar datent d'environ 100 millions d'ann\u00e9es - il faut souligner l'\u00e9corce encore conserv\u00e9e tout autour. Localisation : Vall\u00e9e de Manando - Mt. Bity - Madagascar Poids de la pi\u00e8ce : 530 grammes ( 0,53 kg) Longueur ou hauteur : 9,5 [...]<\/p>","protected":false},"featured_media":756,"template":"","meta":{"_acf_changed":false},"region":[],"product_brand":[],"product_cat":[15],"product_tag":[],"class_list":{"0":"post-755","1":"product","2":"type-product","3":"status-publish","4":"has-post-thumbnail","6":"product_cat-mineralien","8":"first","9":"outofstock","10":"sold-individually","11":"product-type-simple"},"acf":[],"_links":{"self":[{"href":"https:\/\/westgem.shop\/fr\/wp-json\/wp\/v2\/product\/755","targetHints":{"allow":["GET"]}}],"collection":[{"href":"https:\/\/westgem.shop\/fr\/wp-json\/wp\/v2\/product"}],"about":[{"href":"https:\/\/westgem.shop\/fr\/wp-json\/wp\/v2\/types\/product"}],"wp:featuredmedia":[{"embeddable":true,"href":"https:\/\/westgem.shop\/fr\/wp-json\/wp\/v2\/media\/756"}],"wp:attachment":[{"href":"https:\/\/westgem.shop\/fr\/wp-json\/wp\/v2\/media?parent=755"}],"wp:term":[{"taxonomy":"region","embeddable":true,"href":"https:\/\/westgem.shop\/fr\/wp-json\/wp\/v2\/region?post=755"},{"taxonomy":"product_brand","embeddable":true,"href":"https:\/\/westgem.shop\/fr\/wp-json\/wp\/v2\/product_brand?post=755"},{"taxonomy":"product_cat","embeddable":true,"href":"https:\/\/westgem.shop\/fr\/wp-json\/wp\/v2\/product_cat?post=755"},{"taxonomy":"product_tag","embeddable":true,"href":"https:\/\/westgem.shop\/fr\/wp-json\/wp\/v2\/product_tag?post=755"}],"curies":[{"name":"wp","href":"https:\/\/api.w.org\/{rel}","templated":true}]}}