{"id":759,"date":"2000-04-25T00:00:00","date_gmt":"2000-04-25T00:00:00","guid":{"rendered":"https:\/\/miners.rocks\/product\/171\/"},"modified":"2020-05-19T16:56:05","modified_gmt":"2020-05-19T16:56:05","slug":"amethyste-tw-ametrine-x","status":"publish","type":"product","link":"https:\/\/westgem.shop\/fr\/produit\/amethyste-tw-ametrine-x\/","title":{"rendered":"AMETHYST tw.AMETRIN x"},"content":{"rendered":"<p>Attrayant cristal unique AMETHYST avec des parties d'AMETRINE dans la pointe. L'am\u00e9trine est la combinaison de l'am\u00e9thyste et de la CITRINE. Les parties jaunes du cristal proviennent d'ions d'aluminium. Le cristal a une \"fen\u00eatre\" au niveau de la pointe, \u00e0 travers laquelle on peut voir l'int\u00e9rieur, tr\u00e8s brillant.<\/p>\n<p>Ces cristaux proviennent de grandes fissures dans la r\u00e9gion de la mine ANAHI en Bolivie.<\/p>\n<p>Poids : 910 grammes ( 0,91 Kg) Hauteur : 12 cm Diam\u00e8tre : 9 cm<\/p>","protected":false},"excerpt":{"rendered":"<p>Attrayant cristal unique AMETHYST avec des parties d'AMETRINE dans la pointe. L'am\u00e9trine est la combinaison de l'am\u00e9thyste et de la CITRINE. Les parties jaunes du cristal proviennent d'ions d'aluminium. Le cristal a une \"fen\u00eatre\" au niveau de la pointe, \u00e0 travers laquelle on peut voir \u00e0 l'int\u00e9rieur, ce qui est tr\u00e8s brillant. Ces cristaux proviennent de grandes fissures dans la zone de la mine ANAHI en Bolivie. Poids : [...]<\/p>","protected":false},"featured_media":760,"template":"","meta":{"_acf_changed":false},"region":[],"product_brand":[],"product_cat":[15],"product_tag":[],"class_list":{"0":"post-759","1":"product","2":"type-product","3":"status-publish","4":"has-post-thumbnail","6":"product_cat-mineralien","8":"first","9":"outofstock","10":"sold-individually","11":"product-type-simple"},"acf":[],"_links":{"self":[{"href":"https:\/\/westgem.shop\/fr\/wp-json\/wp\/v2\/product\/759","targetHints":{"allow":["GET"]}}],"collection":[{"href":"https:\/\/westgem.shop\/fr\/wp-json\/wp\/v2\/product"}],"about":[{"href":"https:\/\/westgem.shop\/fr\/wp-json\/wp\/v2\/types\/product"}],"wp:featuredmedia":[{"embeddable":true,"href":"https:\/\/westgem.shop\/fr\/wp-json\/wp\/v2\/media\/760"}],"wp:attachment":[{"href":"https:\/\/westgem.shop\/fr\/wp-json\/wp\/v2\/media?parent=759"}],"wp:term":[{"taxonomy":"region","embeddable":true,"href":"https:\/\/westgem.shop\/fr\/wp-json\/wp\/v2\/region?post=759"},{"taxonomy":"product_brand","embeddable":true,"href":"https:\/\/westgem.shop\/fr\/wp-json\/wp\/v2\/product_brand?post=759"},{"taxonomy":"product_cat","embeddable":true,"href":"https:\/\/westgem.shop\/fr\/wp-json\/wp\/v2\/product_cat?post=759"},{"taxonomy":"product_tag","embeddable":true,"href":"https:\/\/westgem.shop\/fr\/wp-json\/wp\/v2\/product_tag?post=759"}],"curies":[{"name":"wp","href":"https:\/\/api.w.org\/{rel}","templated":true}]}}