{"id":763,"date":"2000-04-26T00:00:00","date_gmt":"2000-04-26T00:00:00","guid":{"rendered":"https:\/\/miners.rocks\/product\/172\/"},"modified":"2020-05-19T16:56:05","modified_gmt":"2020-05-19T16:56:05","slug":"fluorite-arc-en-ciel","status":"publish","type":"product","link":"https:\/\/westgem.shop\/fr\/produit\/fluorite-arc-en-ciel\/","title":{"rendered":"FLUORITE ARC-EN-CIEL"},"content":{"rendered":"<p>Tr\u00e8s belle FLUORITE ARC DE PLUIE, pli\u00e9e \u00e0 la main, avec de superbes couleurs,<\/p>\n<p>La mati\u00e8re premi\u00e8re se trouve dans la province de Xijang en Chine.<\/p>\n<p>Poids : 360 g Dimensions : 11,5 x 9 x 1,5 cm<\/p>","protected":false},"excerpt":{"rendered":"<p>Tr\u00e8s belle FLUORITE ARC DE PLUIE, pli\u00e9e \u00e0 la main, avec de superbes couleurs. Le lieu de d\u00e9couverte de la mati\u00e8re premi\u00e8re est la province de Xijang en Chine. Poids : 360 g Dimensions : 11,5 x 9 x 1,5 cm<\/p>","protected":false},"featured_media":764,"template":"","meta":{"_acf_changed":false},"region":[],"product_brand":[],"product_cat":[15],"product_tag":[],"class_list":{"0":"post-763","1":"product","2":"type-product","3":"status-publish","4":"has-post-thumbnail","6":"product_cat-mineralien","8":"first","9":"outofstock","10":"sold-individually","11":"product-type-simple"},"acf":[],"_links":{"self":[{"href":"https:\/\/westgem.shop\/fr\/wp-json\/wp\/v2\/product\/763","targetHints":{"allow":["GET"]}}],"collection":[{"href":"https:\/\/westgem.shop\/fr\/wp-json\/wp\/v2\/product"}],"about":[{"href":"https:\/\/westgem.shop\/fr\/wp-json\/wp\/v2\/types\/product"}],"wp:featuredmedia":[{"embeddable":true,"href":"https:\/\/westgem.shop\/fr\/wp-json\/wp\/v2\/media\/764"}],"wp:attachment":[{"href":"https:\/\/westgem.shop\/fr\/wp-json\/wp\/v2\/media?parent=763"}],"wp:term":[{"taxonomy":"region","embeddable":true,"href":"https:\/\/westgem.shop\/fr\/wp-json\/wp\/v2\/region?post=763"},{"taxonomy":"product_brand","embeddable":true,"href":"https:\/\/westgem.shop\/fr\/wp-json\/wp\/v2\/product_brand?post=763"},{"taxonomy":"product_cat","embeddable":true,"href":"https:\/\/westgem.shop\/fr\/wp-json\/wp\/v2\/product_cat?post=763"},{"taxonomy":"product_tag","embeddable":true,"href":"https:\/\/westgem.shop\/fr\/wp-json\/wp\/v2\/product_tag?post=763"}],"curies":[{"name":"wp","href":"https:\/\/api.w.org\/{rel}","templated":true}]}}