{"id":767,"date":"2000-04-27T00:00:00","date_gmt":"2000-04-27T00:00:00","guid":{"rendered":"https:\/\/miners.rocks\/product\/173\/"},"modified":"2020-05-19T16:56:05","modified_gmt":"2020-05-19T16:56:05","slug":"niveau-top-pyrite","status":"publish","type":"product","link":"https:\/\/westgem.shop\/fr\/produit\/niveau-top-pyrite\/","title":{"rendered":"TOP PYRITS"},"content":{"rendered":"<p>\n\tCRISTAL PYRITE de premi\u00e8re qualit\u00e9 avec de grands et magnifiques OCTADES et des jumeaux de p\u00e9n\u00e9tration.<\/p>\n<p>\n\tpoids : 3,40 kilogrammes<\/p>\n<p>\n\tCristaux jusqu'\u00e0 3 cm Dimensions : Hauteur totale 13 cm Longueur 16 cm Poids : 10 cm<\/p>\n<p>\n\tLieu de d\u00e9couverte : Mine de Huanzala - exploitation mini\u00e8re \u00e0 plus de 4000 m\u00e8tres<\/p>\n<p>\n\tAndes - P\u00e9rou<\/p>\n<\/p>\n<\/p><\/p>","protected":false},"excerpt":{"rendered":"<p>PYRITE DE CRISTAL de premi\u00e8re qualit\u00e9 avec de grandes et magnifiques OKTAEDER et des jumeaux de p\u00e9n\u00e9tration. Poids : 3,40 kilogrammes Cristaux jusqu'\u00e0 3 cm Dimensions : Hauteur totale 13 cm Longueur 16 cm P.:10 cm Lieu de d\u00e9couverte : Mine de Huanzala - exploitation mini\u00e8re \u00e0 plus de 4.000 m\u00e8tres dans les Andes - P\u00e9rou<\/p>","protected":false},"featured_media":768,"template":"","meta":{"_acf_changed":false},"region":[],"product_brand":[],"product_cat":[15],"product_tag":[],"class_list":{"0":"post-767","1":"product","2":"type-product","3":"status-publish","4":"has-post-thumbnail","6":"product_cat-mineralien","8":"first","9":"outofstock","10":"sold-individually","11":"product-type-simple"},"acf":[],"_links":{"self":[{"href":"https:\/\/westgem.shop\/fr\/wp-json\/wp\/v2\/product\/767","targetHints":{"allow":["GET"]}}],"collection":[{"href":"https:\/\/westgem.shop\/fr\/wp-json\/wp\/v2\/product"}],"about":[{"href":"https:\/\/westgem.shop\/fr\/wp-json\/wp\/v2\/types\/product"}],"wp:featuredmedia":[{"embeddable":true,"href":"https:\/\/westgem.shop\/fr\/wp-json\/wp\/v2\/media\/768"}],"wp:attachment":[{"href":"https:\/\/westgem.shop\/fr\/wp-json\/wp\/v2\/media?parent=767"}],"wp:term":[{"taxonomy":"region","embeddable":true,"href":"https:\/\/westgem.shop\/fr\/wp-json\/wp\/v2\/region?post=767"},{"taxonomy":"product_brand","embeddable":true,"href":"https:\/\/westgem.shop\/fr\/wp-json\/wp\/v2\/product_brand?post=767"},{"taxonomy":"product_cat","embeddable":true,"href":"https:\/\/westgem.shop\/fr\/wp-json\/wp\/v2\/product_cat?post=767"},{"taxonomy":"product_tag","embeddable":true,"href":"https:\/\/westgem.shop\/fr\/wp-json\/wp\/v2\/product_tag?post=767"}],"curies":[{"name":"wp","href":"https:\/\/api.w.org\/{rel}","templated":true}]}}