{"id":772,"date":"2000-04-28T00:00:00","date_gmt":"2000-04-28T00:00:00","guid":{"rendered":"https:\/\/miners.rocks\/product\/174\/"},"modified":"2020-05-19T16:56:06","modified_gmt":"2020-05-19T16:56:06","slug":"auripigment-simile-lor-comme-aucune-autre-couleur","status":"publish","type":"product","link":"https:\/\/westgem.shop\/fr\/produit\/auripigment-simile-lor-comme-aucune-autre-couleur\/","title":{"rendered":"AURIPIGMENT-simile l'OR comme aucune autre couleur"},"content":{"rendered":"<p>L'AURIPIGMENT est un SULFIDE D'ARSENCE qui, malgr\u00e9 sa toxicit\u00e9, a \u00e9t\u00e9 utilis\u00e9 depuis l'Antiquit\u00e9 pour imiter l'OR. Toutes les \u00e9critures en or et autres objets d'art ont \u00e9t\u00e9 r\u00e9alis\u00e9s avec de la PEINTURE AURIPIGMENT, car elle ressemble \u00e0 l'or v\u00e9ritable comme aucune autre couleur.Les pr\u00e9cautions ne sont pas imm\u00e9diatement n\u00e9cessaires avec les min\u00e9raux, mais il faut se laver les mains apr\u00e8s un contact avec la peau et s'assurer que les enfants ne touchent pas ce min\u00e9ral.<\/p>\n<p>localisation de la trouvaille : TAKAZ - IRAN<\/p>\n<p>Poids : 190 grammes Dimensions : 9 x 8 x 3,5 cm<\/p>","protected":false},"excerpt":{"rendered":"<p>L'AURIPIGMENT est un SULFIDE D'ARSENCE qui, malgr\u00e9 sa toxicit\u00e9, a \u00e9t\u00e9 utilis\u00e9 depuis l'Antiquit\u00e9 pour imiter l'OR. Toutes les \u00e9critures en or et autres objets d'art ont \u00e9t\u00e9 r\u00e9alis\u00e9s avec de la PEINTURE AURIPIGMENT, car elle ressemble \u00e0 l'OR v\u00e9ritable comme aucune autre couleur.Des pr\u00e9cautions ne sont pas imm\u00e9diatement n\u00e9cessaires pour les niveaux min\u00e9raux, mais il faut se laver les mains apr\u00e8s un contact avec la peau et [...].<\/p>","protected":false},"featured_media":773,"template":"","meta":{"_acf_changed":false},"region":[],"product_brand":[],"product_cat":[15],"product_tag":[],"class_list":{"0":"post-772","1":"product","2":"type-product","3":"status-publish","4":"has-post-thumbnail","6":"product_cat-mineralien","8":"first","9":"outofstock","10":"sold-individually","11":"product-type-simple"},"acf":[],"_links":{"self":[{"href":"https:\/\/westgem.shop\/fr\/wp-json\/wp\/v2\/product\/772","targetHints":{"allow":["GET"]}}],"collection":[{"href":"https:\/\/westgem.shop\/fr\/wp-json\/wp\/v2\/product"}],"about":[{"href":"https:\/\/westgem.shop\/fr\/wp-json\/wp\/v2\/types\/product"}],"wp:featuredmedia":[{"embeddable":true,"href":"https:\/\/westgem.shop\/fr\/wp-json\/wp\/v2\/media\/773"}],"wp:attachment":[{"href":"https:\/\/westgem.shop\/fr\/wp-json\/wp\/v2\/media?parent=772"}],"wp:term":[{"taxonomy":"region","embeddable":true,"href":"https:\/\/westgem.shop\/fr\/wp-json\/wp\/v2\/region?post=772"},{"taxonomy":"product_brand","embeddable":true,"href":"https:\/\/westgem.shop\/fr\/wp-json\/wp\/v2\/product_brand?post=772"},{"taxonomy":"product_cat","embeddable":true,"href":"https:\/\/westgem.shop\/fr\/wp-json\/wp\/v2\/product_cat?post=772"},{"taxonomy":"product_tag","embeddable":true,"href":"https:\/\/westgem.shop\/fr\/wp-json\/wp\/v2\/product_tag?post=772"}],"curies":[{"name":"wp","href":"https:\/\/api.w.org\/{rel}","templated":true}]}}