{"id":775,"date":"2000-04-29T00:00:00","date_gmt":"2000-04-29T00:00:00","guid":{"rendered":"https:\/\/miners.rocks\/product\/175\/"},"modified":"2020-05-19T16:56:06","modified_gmt":"2020-05-19T16:56:06","slug":"vesuvian-xx-suedtirol","status":"publish","type":"product","link":"https:\/\/westgem.shop\/fr\/produit\/vesuvian-xx-suedtirol\/","title":{"rendered":"VESUVIAN xx TIROL DU SUD"},"content":{"rendered":"<p>VESUVIAN est un min\u00e9ral silicat\u00e9, les cristaux sont de forme acide, de couleur brune, translucides, avec un \u00e9clat vitreux. Plusieurs CRISTALES DE VESUVIANE bien form\u00e9es reposent sur une MATRICE DE M\u00c9TAMORPHITE au niveau des petits cristaux.<\/p>\n<p>Un autre nom pour VESUVIAN est aussi IDOKRAS.<\/p>\n<p>localisation de la trouvaille : DOLOMITES - TIROL DU SUD (d'o\u00f9 la pr\u00e9sence de min\u00e9raux autrichiens)<\/p>\n<p>Poids : 60 grammes - Dimensions : 5 x 4,5 x 3 cm<\/p>\n<p>L'image 3 montre l'arri\u00e8re de l'escalier.<\/p>","protected":false},"excerpt":{"rendered":"<p>VESUVIAN est un min\u00e9ral silicat\u00e9, les cristaux sont de forme acide, de couleur brune, translucides, avec un \u00e9clat vitreux. Plusieurs CRISTALES DE VESUVIANE bien form\u00e9es reposent sur une MATRICE DE M\u00c9TAMORPHITE au niveau des petits cristaux. Un autre nom pour VESUVIAN est aussi IDOKRAS. Lieu de d\u00e9couverte : DOLOMITES - TIROL DU SUD (donc aussi chez les min\u00e9raux autrichiens) Poids : 60 grammes - Dimensions : 5 x 4,5 x 3 [...].<\/p>","protected":false},"featured_media":776,"template":"","meta":{"_acf_changed":false},"region":[],"product_brand":[],"product_cat":[15],"product_tag":[],"class_list":{"0":"post-775","1":"product","2":"type-product","3":"status-publish","4":"has-post-thumbnail","6":"product_cat-mineralien","8":"first","9":"outofstock","10":"sold-individually","11":"product-type-simple"},"acf":[],"_links":{"self":[{"href":"https:\/\/westgem.shop\/fr\/wp-json\/wp\/v2\/product\/775","targetHints":{"allow":["GET"]}}],"collection":[{"href":"https:\/\/westgem.shop\/fr\/wp-json\/wp\/v2\/product"}],"about":[{"href":"https:\/\/westgem.shop\/fr\/wp-json\/wp\/v2\/types\/product"}],"wp:featuredmedia":[{"embeddable":true,"href":"https:\/\/westgem.shop\/fr\/wp-json\/wp\/v2\/media\/776"}],"wp:attachment":[{"href":"https:\/\/westgem.shop\/fr\/wp-json\/wp\/v2\/media?parent=775"}],"wp:term":[{"taxonomy":"region","embeddable":true,"href":"https:\/\/westgem.shop\/fr\/wp-json\/wp\/v2\/region?post=775"},{"taxonomy":"product_brand","embeddable":true,"href":"https:\/\/westgem.shop\/fr\/wp-json\/wp\/v2\/product_brand?post=775"},{"taxonomy":"product_cat","embeddable":true,"href":"https:\/\/westgem.shop\/fr\/wp-json\/wp\/v2\/product_cat?post=775"},{"taxonomy":"product_tag","embeddable":true,"href":"https:\/\/westgem.shop\/fr\/wp-json\/wp\/v2\/product_tag?post=775"}],"curies":[{"name":"wp","href":"https:\/\/api.w.org\/{rel}","templated":true}]}}