{"id":779,"date":"2000-04-30T00:00:00","date_gmt":"2000-04-30T00:00:00","guid":{"rendered":"https:\/\/miners.rocks\/product\/176\/"},"modified":"2020-05-19T16:56:08","modified_gmt":"2020-05-19T16:56:08","slug":"aragonite-xx-saalfelden","status":"publish","type":"product","link":"https:\/\/westgem.shop\/fr\/produit\/aragonite-xx-saalfelden\/","title":{"rendered":"ARAGONITE xx - SAALFELDEN"},"content":{"rendered":"<p>Remplissage de fissures de roche silico-calcaire avec de beaux CRISTALS d'ARAGONITE blancs \u00e0 longues aiguilles, provenant de la plus ancienne r\u00e9gion mini\u00e8re de SALZBOURG - LEOGANG.<\/p>\n<p>Mentionn\u00e9 pour la premi\u00e8re fois en 928 .<\/p>\n<p>localisation de la d\u00e9couverte : Danielstollen - -Revier Leogang - Saalfelden<\/p>\n<p>L'image 3 est la face arri\u00e8re - l'image 4 la face inf\u00e9rieure.<\/p>\n<p>Poids : 620 grammes Dimensions:12,5 x 10 x 5 cm <\/p>","protected":false},"excerpt":{"rendered":"<p>Rocher de silicate de calcium rempli de CRISTALES d'ARAGONITE d'un beau blanc et \u00e0 longues aiguilles, provenant de la plus ancienne r\u00e9gion mini\u00e8re de SALZBOURG - LEOGANG. Mentionn\u00e9 pour la premi\u00e8re fois en 928 . Lieu de d\u00e9couverte : Danielstollen - -Revier Leogang - Saalfelden La photo 3 est le verso - la photo 4 le dessous. Poids : 620 grammes Dimensions : 12,5 x 10 x 5 cm<\/p>","protected":false},"featured_media":780,"template":"","meta":{"_acf_changed":false},"region":[],"product_brand":[],"product_cat":[15],"product_tag":[],"class_list":{"0":"post-779","1":"product","2":"type-product","3":"status-publish","4":"has-post-thumbnail","6":"product_cat-mineralien","8":"first","9":"outofstock","10":"sold-individually","11":"product-type-simple"},"acf":[],"_links":{"self":[{"href":"https:\/\/westgem.shop\/fr\/wp-json\/wp\/v2\/product\/779","targetHints":{"allow":["GET"]}}],"collection":[{"href":"https:\/\/westgem.shop\/fr\/wp-json\/wp\/v2\/product"}],"about":[{"href":"https:\/\/westgem.shop\/fr\/wp-json\/wp\/v2\/types\/product"}],"wp:featuredmedia":[{"embeddable":true,"href":"https:\/\/westgem.shop\/fr\/wp-json\/wp\/v2\/media\/780"}],"wp:attachment":[{"href":"https:\/\/westgem.shop\/fr\/wp-json\/wp\/v2\/media?parent=779"}],"wp:term":[{"taxonomy":"region","embeddable":true,"href":"https:\/\/westgem.shop\/fr\/wp-json\/wp\/v2\/region?post=779"},{"taxonomy":"product_brand","embeddable":true,"href":"https:\/\/westgem.shop\/fr\/wp-json\/wp\/v2\/product_brand?post=779"},{"taxonomy":"product_cat","embeddable":true,"href":"https:\/\/westgem.shop\/fr\/wp-json\/wp\/v2\/product_cat?post=779"},{"taxonomy":"product_tag","embeddable":true,"href":"https:\/\/westgem.shop\/fr\/wp-json\/wp\/v2\/product_tag?post=779"}],"curies":[{"name":"wp","href":"https:\/\/api.w.org\/{rel}","templated":true}]}}