{"id":783,"date":"2000-05-01T00:00:00","date_gmt":"2000-05-01T00:00:00","guid":{"rendered":"https:\/\/miners.rocks\/product\/178\/"},"modified":"2020-05-19T16:56:08","modified_gmt":"2020-05-19T16:56:08","slug":"kunzit-aa","status":"publish","type":"product","link":"https:\/\/westgem.shop\/fr\/produit\/kunzit-aa\/","title":{"rendered":"KUNZIT AA"},"content":{"rendered":"<p>Le min\u00e9ral LITHIUM SPODUMEN est exploit\u00e9 comme mati\u00e8re premi\u00e8re importante pour le lithium. Dans les pegmatites granitiques, on trouve \u00e9galement des CRISTAUX DE SPODUMENE dans des cavit\u00e9s, qui sont taill\u00e9s en pierres pr\u00e9cieuses de bonne qualit\u00e9. Il existe ici les vari\u00e9t\u00e9s : KUNZITE - couleur rose \u00e0 violette et la vari\u00e9t\u00e9 : HIDDENITE - couleur jaune-verte \u00e0 verte. Il existe aussi r\u00e9guli\u00e8rement des cristaux mixtes de KUNZIT\/HIDDENIT avec les deux couleurs dans le cristal.<\/p>\n<p>RARES et HAUTEMENT CONSERV\u00c9ES sont de belles pierres claires et transparentes.<\/p>\n<p>Ce cristal brut a \u00e9t\u00e9 trouv\u00e9 sur l'HIMALAYA et a \u00e9t\u00e9 taill\u00e9 et poli \u00e0 IDAR - OBERSTEIN.<\/p>\n<p>Poids : 83 grammes = 415 carats Dimm. : 6,5 x 3 x 2 cm<\/p>","protected":false},"excerpt":{"rendered":"<p>Le min\u00e9ral LITHIUM SPODUMEN est exploit\u00e9 comme mati\u00e8re premi\u00e8re importante pour le lithium. Dans les pegmatites granitiques, on trouve aussi des CRISTALES DE SPODUMENE dans des cavit\u00e9s, qui sont taill\u00e9es en pierres pr\u00e9cieuses de bonne qualit\u00e9. Il existe ici les vari\u00e9t\u00e9s : KUNZITE - couleur rose \u00e0 violette et la vari\u00e9t\u00e9 : HIDDENITE - couleur jaune-verte \u00e0 verte. Il y a toujours des [...]<\/p>","protected":false},"featured_media":784,"template":"","meta":{"_acf_changed":false},"region":[],"product_brand":[],"product_cat":[15],"product_tag":[],"class_list":{"0":"post-783","1":"product","2":"type-product","3":"status-publish","4":"has-post-thumbnail","6":"product_cat-mineralien","8":"first","9":"outofstock","10":"sold-individually","11":"product-type-simple"},"acf":[],"_links":{"self":[{"href":"https:\/\/westgem.shop\/fr\/wp-json\/wp\/v2\/product\/783","targetHints":{"allow":["GET"]}}],"collection":[{"href":"https:\/\/westgem.shop\/fr\/wp-json\/wp\/v2\/product"}],"about":[{"href":"https:\/\/westgem.shop\/fr\/wp-json\/wp\/v2\/types\/product"}],"wp:featuredmedia":[{"embeddable":true,"href":"https:\/\/westgem.shop\/fr\/wp-json\/wp\/v2\/media\/784"}],"wp:attachment":[{"href":"https:\/\/westgem.shop\/fr\/wp-json\/wp\/v2\/media?parent=783"}],"wp:term":[{"taxonomy":"region","embeddable":true,"href":"https:\/\/westgem.shop\/fr\/wp-json\/wp\/v2\/region?post=783"},{"taxonomy":"product_brand","embeddable":true,"href":"https:\/\/westgem.shop\/fr\/wp-json\/wp\/v2\/product_brand?post=783"},{"taxonomy":"product_cat","embeddable":true,"href":"https:\/\/westgem.shop\/fr\/wp-json\/wp\/v2\/product_cat?post=783"},{"taxonomy":"product_tag","embeddable":true,"href":"https:\/\/westgem.shop\/fr\/wp-json\/wp\/v2\/product_tag?post=783"}],"curies":[{"name":"wp","href":"https:\/\/api.w.org\/{rel}","templated":true}]}}