{"id":788,"date":"2000-05-02T00:00:00","date_gmt":"2000-05-02T00:00:00","guid":{"rendered":"https:\/\/miners.rocks\/product\/179\/"},"modified":"2020-05-19T16:56:09","modified_gmt":"2020-05-19T16:56:09","slug":"malachite-russie","status":"publish","type":"product","link":"https:\/\/westgem.shop\/fr\/produit\/malachite-russie\/","title":{"rendered":"Malachite - RUSSIE"},"content":{"rendered":"<p>Les gisements de cuivre d\u00e9couverts au 18e si\u00e8cle dans l'Oural en Russie sont aujourd'hui pratiquement \u00e9puis\u00e9s. Les plus belles malachites taillables du monde proviennent de ces gisements et ornent encore aujourd'hui de nombreux objets d'art, b\u00e2timents, lambris ....et \u00e9taient la pierre d'apparat des tsars russes.<\/p>\n<p>Ce rare sp\u00e9cimen de malachite URAL provient de MELNORUDJANSK et est poli sur une face.<\/p>\n<p>Poids : 80 grammes Dimensions : 6 x 4,5 x 1 cm<\/p>","protected":false},"excerpt":{"rendered":"<p>Les gisements de cuivre d\u00e9couverts au 18e si\u00e8cle dans l'Oural en Russie sont aujourd'hui pratiquement \u00e9puis\u00e9s. Les plus belles malachites taillables du monde proviennent de ces gisements et ornent encore aujourd'hui de nombreux objets d'art, b\u00e2timents, lambris ....et \u00e9taient la pierre d'apparat des tsars russes. Ce rare sp\u00e9cimen de malachite URAL provient de MELNORUDJANSK et est poli sur une face. Poids : [...]<\/p>","protected":false},"featured_media":789,"template":"","meta":{"_acf_changed":false},"region":[],"product_brand":[],"product_cat":[15],"product_tag":[],"class_list":{"0":"post-788","1":"product","2":"type-product","3":"status-publish","4":"has-post-thumbnail","6":"product_cat-mineralien","8":"first","9":"outofstock","10":"sold-individually","11":"product-type-simple"},"acf":[],"_links":{"self":[{"href":"https:\/\/westgem.shop\/fr\/wp-json\/wp\/v2\/product\/788","targetHints":{"allow":["GET"]}}],"collection":[{"href":"https:\/\/westgem.shop\/fr\/wp-json\/wp\/v2\/product"}],"about":[{"href":"https:\/\/westgem.shop\/fr\/wp-json\/wp\/v2\/types\/product"}],"wp:featuredmedia":[{"embeddable":true,"href":"https:\/\/westgem.shop\/fr\/wp-json\/wp\/v2\/media\/789"}],"wp:attachment":[{"href":"https:\/\/westgem.shop\/fr\/wp-json\/wp\/v2\/media?parent=788"}],"wp:term":[{"taxonomy":"region","embeddable":true,"href":"https:\/\/westgem.shop\/fr\/wp-json\/wp\/v2\/region?post=788"},{"taxonomy":"product_brand","embeddable":true,"href":"https:\/\/westgem.shop\/fr\/wp-json\/wp\/v2\/product_brand?post=788"},{"taxonomy":"product_cat","embeddable":true,"href":"https:\/\/westgem.shop\/fr\/wp-json\/wp\/v2\/product_cat?post=788"},{"taxonomy":"product_tag","embeddable":true,"href":"https:\/\/westgem.shop\/fr\/wp-json\/wp\/v2\/product_tag?post=788"}],"curies":[{"name":"wp","href":"https:\/\/api.w.org\/{rel}","templated":true}]}}