{"id":792,"date":"2000-05-03T00:00:00","date_gmt":"2000-05-03T00:00:00","guid":{"rendered":"https:\/\/miners.rocks\/product\/181\/"},"modified":"2020-05-19T16:56:09","modified_gmt":"2020-05-19T16:56:09","slug":"andalusit-xx-tirol","status":"publish","type":"product","link":"https:\/\/westgem.shop\/fr\/produit\/andalusit-xx-tirol\/","title":{"rendered":"ANDALUSIT xx - TIROL"},"content":{"rendered":"<p>L'ANDALUSITE est un min\u00e9ral du groupe des M\u00c9TAMORPHITES. Cristal isol\u00e9. Surface micac\u00e9e. Acide \u00e9pais dans le quartz et le MILLIANT.<\/p>\n<p>Toute la surface d'extr\u00e9mit\u00e9.<\/p>\n<p>Lieu de d\u00e9couverte : Liesener Alm - Sellrain - TIROL<\/p>\n<p>Poids : 520 g Dimensions : 11 x 10 x 5 cm<\/p>","protected":false},"excerpt":{"rendered":"<p>L'ANDALUSITE est un min\u00e9ral du groupe des M\u00c9TAMORPHITES. Cristal isol\u00e9. Surface micac\u00e9e. \u00c9paisseur de quartz et de MILLIANT. Surface terminale enti\u00e8re. Lieu de d\u00e9couverte : Liesener Alm - Sellrain - TIROL Poids : 520 g Dimensions : 11 x 10 x 5 cm<\/p>","protected":false},"featured_media":793,"template":"","meta":{"_acf_changed":false},"region":[],"product_brand":[],"product_cat":[15],"product_tag":[],"class_list":{"0":"post-792","1":"product","2":"type-product","3":"status-publish","4":"has-post-thumbnail","6":"product_cat-mineralien","8":"first","9":"outofstock","10":"sold-individually","11":"product-type-simple"},"acf":[],"_links":{"self":[{"href":"https:\/\/westgem.shop\/fr\/wp-json\/wp\/v2\/product\/792","targetHints":{"allow":["GET"]}}],"collection":[{"href":"https:\/\/westgem.shop\/fr\/wp-json\/wp\/v2\/product"}],"about":[{"href":"https:\/\/westgem.shop\/fr\/wp-json\/wp\/v2\/types\/product"}],"wp:featuredmedia":[{"embeddable":true,"href":"https:\/\/westgem.shop\/fr\/wp-json\/wp\/v2\/media\/793"}],"wp:attachment":[{"href":"https:\/\/westgem.shop\/fr\/wp-json\/wp\/v2\/media?parent=792"}],"wp:term":[{"taxonomy":"region","embeddable":true,"href":"https:\/\/westgem.shop\/fr\/wp-json\/wp\/v2\/region?post=792"},{"taxonomy":"product_brand","embeddable":true,"href":"https:\/\/westgem.shop\/fr\/wp-json\/wp\/v2\/product_brand?post=792"},{"taxonomy":"product_cat","embeddable":true,"href":"https:\/\/westgem.shop\/fr\/wp-json\/wp\/v2\/product_cat?post=792"},{"taxonomy":"product_tag","embeddable":true,"href":"https:\/\/westgem.shop\/fr\/wp-json\/wp\/v2\/product_tag?post=792"}],"curies":[{"name":"wp","href":"https:\/\/api.w.org\/{rel}","templated":true}]}}