{"id":796,"date":"2000-05-04T00:00:00","date_gmt":"2000-05-04T00:00:00","guid":{"rendered":"https:\/\/miners.rocks\/product\/182\/"},"modified":"2020-05-19T16:56:10","modified_gmt":"2020-05-19T16:56:10","slug":"marienglas-golling","status":"publish","type":"product","link":"https:\/\/westgem.shop\/fr\/produit\/marienglas-golling\/","title":{"rendered":"\" MARIENGLAS \" - GOLLING"},"content":{"rendered":"<p>La SELENITE est une vari\u00e9t\u00e9 du min\u00e9ral GIPS, d'une grande puret\u00e9.\"  VERRE DE LA MARIE\" a remplac\u00e9 pendant des si\u00e8cles le verre pour les images de la Vierge et autres reliques.<\/p>\n<p>Le lieu de d\u00e9couverte de cette pi\u00e8ce est Moosegg pr\u00e8s de GOLLING - Salzbourg.<\/p>\n<p>Poids : 105 grammes 10 x 8 x 1,3 cm<\/p>","protected":false},"excerpt":{"rendered":"<p>La SELENITE est une vari\u00e9t\u00e9 du min\u00e9ral GIPS, d'une grande puret\u00e9.\" MARIENGLAS\" a remplac\u00e9 pendant des si\u00e8cles le verre des images de la Vierge et d'autres reliques. Le lieu de d\u00e9couverte de cette pi\u00e8ce est Moosegg pr\u00e8s de GOLLING - Salzbourg. Poids : 105 grammes 10 x 8 x 1,3 cm<\/p>","protected":false},"featured_media":797,"template":"","meta":{"_acf_changed":false},"region":[],"product_brand":[],"product_cat":[15],"product_tag":[],"class_list":{"0":"post-796","1":"product","2":"type-product","3":"status-publish","4":"has-post-thumbnail","6":"product_cat-mineralien","8":"first","9":"outofstock","10":"sold-individually","11":"product-type-simple"},"acf":[],"_links":{"self":[{"href":"https:\/\/westgem.shop\/fr\/wp-json\/wp\/v2\/product\/796","targetHints":{"allow":["GET"]}}],"collection":[{"href":"https:\/\/westgem.shop\/fr\/wp-json\/wp\/v2\/product"}],"about":[{"href":"https:\/\/westgem.shop\/fr\/wp-json\/wp\/v2\/types\/product"}],"wp:featuredmedia":[{"embeddable":true,"href":"https:\/\/westgem.shop\/fr\/wp-json\/wp\/v2\/media\/797"}],"wp:attachment":[{"href":"https:\/\/westgem.shop\/fr\/wp-json\/wp\/v2\/media?parent=796"}],"wp:term":[{"taxonomy":"region","embeddable":true,"href":"https:\/\/westgem.shop\/fr\/wp-json\/wp\/v2\/region?post=796"},{"taxonomy":"product_brand","embeddable":true,"href":"https:\/\/westgem.shop\/fr\/wp-json\/wp\/v2\/product_brand?post=796"},{"taxonomy":"product_cat","embeddable":true,"href":"https:\/\/westgem.shop\/fr\/wp-json\/wp\/v2\/product_cat?post=796"},{"taxonomy":"product_tag","embeddable":true,"href":"https:\/\/westgem.shop\/fr\/wp-json\/wp\/v2\/product_tag?post=796"}],"curies":[{"name":"wp","href":"https:\/\/api.w.org\/{rel}","templated":true}]}}