{"id":801,"date":"2000-05-05T00:00:00","date_gmt":"2000-05-05T00:00:00","guid":{"rendered":"https:\/\/miners.rocks\/product\/183\/"},"modified":"2020-05-19T16:56:10","modified_gmt":"2020-05-19T16:56:10","slug":"vraie-turquoise-arizona","status":"publish","type":"product","link":"https:\/\/westgem.shop\/fr\/produit\/vraie-turquoise-arizona\/","title":{"rendered":"TURQUOISE V\u00c9RITABLE - ARIZONA"},"content":{"rendered":"<p>Le VRAI TURKIS est RARE et en bonne qualit\u00e9, on ne trouve malheureusement pas de pierres bon march\u00e9...<\/p>\n<p>Entre-temps, une grande partie des bijoux propos\u00e9s dans le commerce, comme les colliers, les bracelets, etc. ne sont plus que la COULEUR \"TURQUOISE\" - mais pas la pierre pr\u00e9cieuse : TURQUOISE.<\/p>\n<p>En r\u00e8gle g\u00e9n\u00e9rale, on peut partir du principe que les belles \"turquoises\" \u00e0 un prix relativement avantageux ne sont PAS de VRAIES turquoises, mais une des innombrables variantes d'imitation et donc du BIJOUX MODES.<\/p>\n<p>. En cas de doute, demandez au vendeur un certificat d'authenticit\u00e9.<\/p>","protected":false},"excerpt":{"rendered":"<p>La VRAIE turquoise est RARE et les pierres de bonne qualit\u00e9 ne sont malheureusement pas disponibles \u00e0 bas prix... Entre-temps, une grande partie des bijoux propos\u00e9s dans le commerce, comme les colliers, les bracelets, etc. ne sont plus que la COULEUR \"turquoise\" - mais pas la pierre pr\u00e9cieuse : la turquoise. En r\u00e8gle g\u00e9n\u00e9rale, on peut partir du principe que de belles \"turquoises\" \u00e0 un prix relativement avantageux NE sont PAS [...].<\/p>","protected":false},"featured_media":802,"template":"","meta":{"_acf_changed":false},"region":[],"product_brand":[],"product_cat":[15],"product_tag":[],"class_list":{"0":"post-801","1":"product","2":"type-product","3":"status-publish","4":"has-post-thumbnail","6":"product_cat-mineralien","8":"first","9":"outofstock","10":"sold-individually","11":"product-type-simple"},"acf":[],"_links":{"self":[{"href":"https:\/\/westgem.shop\/fr\/wp-json\/wp\/v2\/product\/801","targetHints":{"allow":["GET"]}}],"collection":[{"href":"https:\/\/westgem.shop\/fr\/wp-json\/wp\/v2\/product"}],"about":[{"href":"https:\/\/westgem.shop\/fr\/wp-json\/wp\/v2\/types\/product"}],"wp:featuredmedia":[{"embeddable":true,"href":"https:\/\/westgem.shop\/fr\/wp-json\/wp\/v2\/media\/802"}],"wp:attachment":[{"href":"https:\/\/westgem.shop\/fr\/wp-json\/wp\/v2\/media?parent=801"}],"wp:term":[{"taxonomy":"region","embeddable":true,"href":"https:\/\/westgem.shop\/fr\/wp-json\/wp\/v2\/region?post=801"},{"taxonomy":"product_brand","embeddable":true,"href":"https:\/\/westgem.shop\/fr\/wp-json\/wp\/v2\/product_brand?post=801"},{"taxonomy":"product_cat","embeddable":true,"href":"https:\/\/westgem.shop\/fr\/wp-json\/wp\/v2\/product_cat?post=801"},{"taxonomy":"product_tag","embeddable":true,"href":"https:\/\/westgem.shop\/fr\/wp-json\/wp\/v2\/product_tag?post=801"}],"curies":[{"name":"wp","href":"https:\/\/api.w.org\/{rel}","templated":true}]}}