{"id":805,"date":"2000-05-06T00:00:00","date_gmt":"2000-05-06T00:00:00","guid":{"rendered":"https:\/\/miners.rocks\/product\/184\/"},"modified":"2020-05-19T16:56:10","modified_gmt":"2020-05-19T16:56:10","slug":"un-crabe-fossile-vieux-de-146-millions-dannees","status":"publish","type":"product","link":"https:\/\/westgem.shop\/fr\/produit\/un-crabe-fossile-vieux-de-146-millions-dannees\/","title":{"rendered":"CANCER FOSSILE - vieux de 146 millions d'ann\u00e9es"},"content":{"rendered":"<p>\u00c9crevisse fossile - ORIGINALFOSSIL ! - provenant de l'un des sites fossilif\u00e8res les plus c\u00e9l\u00e8bres du monde. On trouve r\u00e9guli\u00e8rement des fossiles dans les calcaires en plaques de SOLLNHOFEN, mais on ne peut trouver une \u00e9crevisse que dans une plaque fendue sur DIX MILLE en moyenne.<\/p>\n<p>AEGER ANTRIMPOS SPECIOSUS <\/p>\n<p> \u00c8re g\u00e9ologique : JURA SUP\u00c9RIEUR - Formation de Sollnhofen -<u>environ 146 millions d'ann\u00e9es <\/u><\/p>\n<p> localisation de la trouvaille : EICHST\u00c4TT - BAYERN - ALLEMAGNE<\/p>\n<p><u> Plateau : 31 x 18 x 1 cm Cancer : 13 cm de long<\/u> Nous livrons sur une plaque en bois solide de 60 x 40 cm, recouverte de similicuir noir. Poids total : 2,1 kg. . tr\u00e8s d\u00e9coratif pour un salon ou un bureau.<\/p>\n<p>Ce terrain pr\u00e9par\u00e9 de premi\u00e8re classe <u>FOSSILE ORIGINAL<\/u> est une pi\u00e8ce d'exposition absolue - voire une pi\u00e8ce de mus\u00e9e.<\/p>","protected":false},"excerpt":{"rendered":"<p>\u00c9crevisse fossile - ORIGINALFOSSIL ! - provenant de l'un des sites fossilif\u00e8res les plus c\u00e9l\u00e8bres du monde. On trouve r\u00e9guli\u00e8rement des fossiles dans les calcaires en plaques de SOLLNHOFEN - mais on ne peut trouver une \u00e9crevisse que dans une plaque fendue sur DIX MILLE en moyenne. AEGER ANTRIMPOS SPECIOSUS Age de la terre : OBERJURA - Formation de Sollnhofen - env. 146 millions d'ann\u00e9es. localisation de la trouvaille : EICHST\u00c4TT - BAYERN - [...]<\/p>","protected":false},"featured_media":806,"template":"","meta":{"_acf_changed":false},"region":[],"product_brand":[],"product_cat":[15],"product_tag":[],"class_list":{"0":"post-805","1":"product","2":"type-product","3":"status-publish","4":"has-post-thumbnail","6":"product_cat-mineralien","8":"first","9":"outofstock","10":"sold-individually","11":"product-type-simple"},"acf":[],"_links":{"self":[{"href":"https:\/\/westgem.shop\/fr\/wp-json\/wp\/v2\/product\/805","targetHints":{"allow":["GET"]}}],"collection":[{"href":"https:\/\/westgem.shop\/fr\/wp-json\/wp\/v2\/product"}],"about":[{"href":"https:\/\/westgem.shop\/fr\/wp-json\/wp\/v2\/types\/product"}],"wp:featuredmedia":[{"embeddable":true,"href":"https:\/\/westgem.shop\/fr\/wp-json\/wp\/v2\/media\/806"}],"wp:attachment":[{"href":"https:\/\/westgem.shop\/fr\/wp-json\/wp\/v2\/media?parent=805"}],"wp:term":[{"taxonomy":"region","embeddable":true,"href":"https:\/\/westgem.shop\/fr\/wp-json\/wp\/v2\/region?post=805"},{"taxonomy":"product_brand","embeddable":true,"href":"https:\/\/westgem.shop\/fr\/wp-json\/wp\/v2\/product_brand?post=805"},{"taxonomy":"product_cat","embeddable":true,"href":"https:\/\/westgem.shop\/fr\/wp-json\/wp\/v2\/product_cat?post=805"},{"taxonomy":"product_tag","embeddable":true,"href":"https:\/\/westgem.shop\/fr\/wp-json\/wp\/v2\/product_tag?post=805"}],"curies":[{"name":"wp","href":"https:\/\/api.w.org\/{rel}","templated":true}]}}