{"id":809,"date":"2000-05-07T00:00:00","date_gmt":"2000-05-07T00:00:00","guid":{"rendered":"https:\/\/miners.rocks\/product\/185\/"},"modified":"2020-05-19T16:56:11","modified_gmt":"2020-05-19T16:56:11","slug":"feuille-de-peuplier-fossilisee-de-13-millions-dannees","status":"publish","type":"product","link":"https:\/\/westgem.shop\/fr\/produit\/feuille-de-peuplier-fossilisee-de-13-millions-dannees\/","title":{"rendered":"FEUILLE DE PAPIER fossilis\u00e9e - 13 millions d'ann\u00e9es"},"content":{"rendered":"<p>Cette feuille ornait un peuplier il y a environ 13 millions d'ann\u00e9es, avant de tomber au sol, mais au lieu de se d\u00e9composer comme d'habitude, elle a \u00e9t\u00e9 entour\u00e9e d'une terre argileuse - fossilis\u00e9e - pour se pr\u00e9senter \u00e0 la post\u00e9rit\u00e9 plusieurs millions d'ann\u00e9es plus tard.<\/p>\n<p>Le lieu de d\u00e9couverte est Pfaffenzell pr\u00e8s d'Augsbourg (partie de la formation Sollnhofen).<\/p>\n<p>Poids : 150 g Dimensions : 9 x 8 x 1 cm<\/p>","protected":false},"excerpt":{"rendered":"<p>Cette feuille ornait un peuplier il y a environ 13 millions d'ann\u00e9es, avant de tomber au sol. Elle ne s'est pas d\u00e9compos\u00e9e comme d'habitude, mais a \u00e9t\u00e9 entour\u00e9e d'une terre argileuse - fossilis\u00e9e - pour se pr\u00e9senter \u00e0 la post\u00e9rit\u00e9 plusieurs millions d'ann\u00e9es plus tard. Lieu de d\u00e9couverte : Pfaffenzell pr\u00e8s d'Augsbourg (partie de la formation Sollnhofen) Poids : 150 g Dimensions : 9 x 8 [...]<\/p>","protected":false},"featured_media":810,"template":"","meta":{"_acf_changed":false},"region":[],"product_brand":[],"product_cat":[15],"product_tag":[],"class_list":{"0":"post-809","1":"product","2":"type-product","3":"status-publish","4":"has-post-thumbnail","6":"product_cat-mineralien","8":"first","9":"outofstock","10":"sold-individually","11":"product-type-simple"},"acf":[],"_links":{"self":[{"href":"https:\/\/westgem.shop\/fr\/wp-json\/wp\/v2\/product\/809","targetHints":{"allow":["GET"]}}],"collection":[{"href":"https:\/\/westgem.shop\/fr\/wp-json\/wp\/v2\/product"}],"about":[{"href":"https:\/\/westgem.shop\/fr\/wp-json\/wp\/v2\/types\/product"}],"wp:featuredmedia":[{"embeddable":true,"href":"https:\/\/westgem.shop\/fr\/wp-json\/wp\/v2\/media\/810"}],"wp:attachment":[{"href":"https:\/\/westgem.shop\/fr\/wp-json\/wp\/v2\/media?parent=809"}],"wp:term":[{"taxonomy":"region","embeddable":true,"href":"https:\/\/westgem.shop\/fr\/wp-json\/wp\/v2\/region?post=809"},{"taxonomy":"product_brand","embeddable":true,"href":"https:\/\/westgem.shop\/fr\/wp-json\/wp\/v2\/product_brand?post=809"},{"taxonomy":"product_cat","embeddable":true,"href":"https:\/\/westgem.shop\/fr\/wp-json\/wp\/v2\/product_cat?post=809"},{"taxonomy":"product_tag","embeddable":true,"href":"https:\/\/westgem.shop\/fr\/wp-json\/wp\/v2\/product_tag?post=809"}],"curies":[{"name":"wp","href":"https:\/\/api.w.org\/{rel}","templated":true}]}}