{"id":812,"date":"2000-05-08T00:00:00","date_gmt":"2000-05-08T00:00:00","guid":{"rendered":"https:\/\/miners.rocks\/product\/186\/"},"modified":"2020-05-19T16:56:11","modified_gmt":"2020-05-19T16:56:11","slug":"plegiocidaris-epine-doursin","status":"publish","type":"product","link":"https:\/\/westgem.shop\/fr\/produit\/plegiocidaris-epine-doursin\/","title":{"rendered":"PLEGIOCIDARIS - \u00c9PINE D'OURSIN"},"content":{"rendered":"<p>\n\tPIEDS DE MER sur roche m\u00e8re<\/p>\n<p>\n\tSolnhofen Fossile de M\u00f6hrensheim d'environ 150 millions d'ann\u00e9es.<\/p>\n<p>\n\tLe lat. Le nom latin est PLEGIOCIDARIS.<\/p>\n<p>\n\tPoids : 110 g Dimensions : 8 x 5 x 3 cm<\/p>","protected":false},"excerpt":{"rendered":"<p>PIEDS DE MER sur roche m\u00e8re Solnhofen Fossile de M\u00f6hrensheim d'environ 150 millions d'ann\u00e9es. Le lat. nom est PLEGIOCIDARIS. Poids : 110 g Dimensions : 8 x 5 x 3 cm<\/p>","protected":false},"featured_media":813,"template":"","meta":{"_acf_changed":false},"region":[],"product_brand":[],"product_cat":[15],"product_tag":[],"class_list":{"0":"post-812","1":"product","2":"type-product","3":"status-publish","4":"has-post-thumbnail","6":"product_cat-mineralien","8":"first","9":"outofstock","10":"sold-individually","11":"product-type-simple"},"acf":[],"_links":{"self":[{"href":"https:\/\/westgem.shop\/fr\/wp-json\/wp\/v2\/product\/812","targetHints":{"allow":["GET"]}}],"collection":[{"href":"https:\/\/westgem.shop\/fr\/wp-json\/wp\/v2\/product"}],"about":[{"href":"https:\/\/westgem.shop\/fr\/wp-json\/wp\/v2\/types\/product"}],"wp:featuredmedia":[{"embeddable":true,"href":"https:\/\/westgem.shop\/fr\/wp-json\/wp\/v2\/media\/813"}],"wp:attachment":[{"href":"https:\/\/westgem.shop\/fr\/wp-json\/wp\/v2\/media?parent=812"}],"wp:term":[{"taxonomy":"region","embeddable":true,"href":"https:\/\/westgem.shop\/fr\/wp-json\/wp\/v2\/region?post=812"},{"taxonomy":"product_brand","embeddable":true,"href":"https:\/\/westgem.shop\/fr\/wp-json\/wp\/v2\/product_brand?post=812"},{"taxonomy":"product_cat","embeddable":true,"href":"https:\/\/westgem.shop\/fr\/wp-json\/wp\/v2\/product_cat?post=812"},{"taxonomy":"product_tag","embeddable":true,"href":"https:\/\/westgem.shop\/fr\/wp-json\/wp\/v2\/product_tag?post=812"}],"curies":[{"name":"wp","href":"https:\/\/api.w.org\/{rel}","templated":true}]}}