{"id":815,"date":"2000-05-09T00:00:00","date_gmt":"2000-05-09T00:00:00","guid":{"rendered":"https:\/\/miners.rocks\/product\/187\/"},"modified":"2020-05-19T16:56:11","modified_gmt":"2020-05-19T16:56:11","slug":"ammonit-anden-peru","status":"publish","type":"product","link":"https:\/\/westgem.shop\/fr\/produit\/ammonit-anden-peru\/","title":{"rendered":"AMMONITE - ANDIN\/P\u00c9ROU"},"content":{"rendered":"<p>AMMONITES - CERATITES - fa\u00e7onn\u00e9es et polies \u00e0 la main pour faire appara\u00eetre le syst\u00e8me de chambres internes.<\/p>\n<p>\u00e2ge env. 70 - 100 millions d'ann\u00e9es<\/p>\n<p>Localisation : Bagua Grande - Pays de Cajamarca - Andes\/P\u00e9rou<\/p>\n<p>L'image 3 est la face arri\u00e8re<\/p>\n<p>Poids : 320 g Dimensions : 10 x 9 x 4 cm<\/p>","protected":false},"excerpt":{"rendered":"<p>AMMONITES - CERATITES - Aiguis\u00e9es et polies \u00e0 la main pour faire appara\u00eetre le syst\u00e8me de chambres internes. \u00c2ge env. 70 - 100 millions d'ann\u00e9es Lieu de d\u00e9couverte : Bagua Grande - Pays de Cajamarca - Andes\/P\u00e9rou La photo 3 est le verso Poids : 320 g Dimensions : 10 x 9 x 4 cm<\/p>","protected":false},"featured_media":816,"template":"","meta":{"_acf_changed":false},"region":[],"product_brand":[],"product_cat":[15],"product_tag":[],"class_list":{"0":"post-815","1":"product","2":"type-product","3":"status-publish","4":"has-post-thumbnail","6":"product_cat-mineralien","8":"first","9":"outofstock","10":"sold-individually","11":"product-type-simple"},"acf":[],"_links":{"self":[{"href":"https:\/\/westgem.shop\/fr\/wp-json\/wp\/v2\/product\/815","targetHints":{"allow":["GET"]}}],"collection":[{"href":"https:\/\/westgem.shop\/fr\/wp-json\/wp\/v2\/product"}],"about":[{"href":"https:\/\/westgem.shop\/fr\/wp-json\/wp\/v2\/types\/product"}],"wp:featuredmedia":[{"embeddable":true,"href":"https:\/\/westgem.shop\/fr\/wp-json\/wp\/v2\/media\/816"}],"wp:attachment":[{"href":"https:\/\/westgem.shop\/fr\/wp-json\/wp\/v2\/media?parent=815"}],"wp:term":[{"taxonomy":"region","embeddable":true,"href":"https:\/\/westgem.shop\/fr\/wp-json\/wp\/v2\/region?post=815"},{"taxonomy":"product_brand","embeddable":true,"href":"https:\/\/westgem.shop\/fr\/wp-json\/wp\/v2\/product_brand?post=815"},{"taxonomy":"product_cat","embeddable":true,"href":"https:\/\/westgem.shop\/fr\/wp-json\/wp\/v2\/product_cat?post=815"},{"taxonomy":"product_tag","embeddable":true,"href":"https:\/\/westgem.shop\/fr\/wp-json\/wp\/v2\/product_tag?post=815"}],"curies":[{"name":"wp","href":"https:\/\/api.w.org\/{rel}","templated":true}]}}