{"id":819,"date":"2011-08-10T00:00:00","date_gmt":"2011-08-10T00:00:00","guid":{"rendered":"https:\/\/miners.rocks\/product\/188\/"},"modified":"2024-02-03T07:44:35","modified_gmt":"2024-02-03T07:44:35","slug":"topraritaet-wulfenit-verte-xx-2","status":"publish","type":"product","link":"https:\/\/westgem.shop\/fr\/produit\/topraritaet-wulfenit-verte-xx-2\/","title":{"rendered":"TOPRARIT\u00c9 - WULFENIT VERT xx"},"content":{"rendered":"<p><strong>Les WULFENITES VERTES n'ont \u00e9t\u00e9 trouv\u00e9es que tr\u00e8s rarement \u00e0 BLEIBERG \u00e9galement.<\/strong><\/p>\n<p>BLEIBERGER WULFENITE sont des min\u00e9raux de collection tr\u00e8s recherch\u00e9s , BLEIBERG\/KREUTH est la TYPLOKALIT\u00c9 de WULFENITE.<\/p>\n<p>Les WULFENITE VERTES sont rares, m\u00eame \u00e0 Bleiberg, et donc quasiment introuvables sur le march\u00e9. Cette marche manuelle est de premi\u00e8re qualit\u00e9 et nous n'en trouverons certainement PLUS nulle part.<\/p>\n<p>Lieu de d\u00e9couverte : BLEIBERG\/KREUTH - Carri\u00e8re : STEFANIE - Carinthie - Autriche<\/p>\n<p>poids : 320 g<\/p>\n<p>Dim : 10 x 8 x 6 cm<\/p>","protected":false},"excerpt":{"rendered":"<p>Les WULFENITES VERTES n'ont \u00e9t\u00e9 que tr\u00e8s rarement trouv\u00e9es \u00e0 BLEIBERG. Les WULFENITES de BLEIBERG sont des min\u00e9raux de collection tr\u00e8s recherch\u00e9s, BLEIBERG\/KREUTH est la TYPLOCALIT\u00c9 des WULFENITES. La WULFENITE VERTE est une raret\u00e9, m\u00eame \u00e0 Bleiberg, et n'est donc pratiquement PAS disponible sur le march\u00e9. Cette marche manuelle est de premi\u00e8re qualit\u00e9 et nous n'en trouverons certainement PLUS nulle part. Lieu de la d\u00e9couverte : BLEIBERG\/KREUTH - [...]<\/p>","protected":false},"featured_media":820,"template":"","meta":{"_acf_changed":false},"region":[59],"product_brand":[],"product_cat":[22,19],"product_tag":[],"class_list":{"0":"post-819","1":"product","2":"type-product","3":"status-publish","4":"has-post-thumbnail","6":"region-oesterreich","7":"product_cat-allgemein","8":"product_cat-kristallstufen","10":"first","11":"outofstock","12":"sold-individually","13":"product-type-simple"},"acf":[],"_links":{"self":[{"href":"https:\/\/westgem.shop\/fr\/wp-json\/wp\/v2\/product\/819","targetHints":{"allow":["GET"]}}],"collection":[{"href":"https:\/\/westgem.shop\/fr\/wp-json\/wp\/v2\/product"}],"about":[{"href":"https:\/\/westgem.shop\/fr\/wp-json\/wp\/v2\/types\/product"}],"wp:featuredmedia":[{"embeddable":true,"href":"https:\/\/westgem.shop\/fr\/wp-json\/wp\/v2\/media\/820"}],"wp:attachment":[{"href":"https:\/\/westgem.shop\/fr\/wp-json\/wp\/v2\/media?parent=819"}],"wp:term":[{"taxonomy":"region","embeddable":true,"href":"https:\/\/westgem.shop\/fr\/wp-json\/wp\/v2\/region?post=819"},{"taxonomy":"product_brand","embeddable":true,"href":"https:\/\/westgem.shop\/fr\/wp-json\/wp\/v2\/product_brand?post=819"},{"taxonomy":"product_cat","embeddable":true,"href":"https:\/\/westgem.shop\/fr\/wp-json\/wp\/v2\/product_cat?post=819"},{"taxonomy":"product_tag","embeddable":true,"href":"https:\/\/westgem.shop\/fr\/wp-json\/wp\/v2\/product_tag?post=819"}],"curies":[{"name":"wp","href":"https:\/\/api.w.org\/{rel}","templated":true}]}}