{"id":824,"date":"2000-05-11T00:00:00","date_gmt":"2000-05-11T00:00:00","guid":{"rendered":"https:\/\/miners.rocks\/product\/189\/"},"modified":"2020-05-19T16:56:13","modified_gmt":"2020-05-19T16:56:13","slug":"veritable-jade-nephrite","status":"publish","type":"product","link":"https:\/\/westgem.shop\/fr\/produit\/veritable-jade-nephrite\/","title":{"rendered":"V\u00e9ritable JADE - NEPHRIT"},"content":{"rendered":"<p>Parmi les vari\u00e9t\u00e9s de jade reconnues au niveau international, on ne trouve que les min\u00e9raux NEPHRIT et JADEIT. Dans le commerce de bijoux en particulier, on vend en masse des pierres et des colliers en soi-disant CHINA JADE ou NEW JADE, mais ce n'est que du SERPENTIN bon march\u00e9.En outre, le PRASEM est vendu sous le nom de \"jade africain\" ou de \"jade du Transvaal\", mais il existe aussi des imitations de jade en calc\u00e9doine color\u00e9e, une serpentine et un produit artificiel appel\u00e9 \"jade de Sib\u00e9rie\" - Malheureusement, le march\u00e9 actuel des pierres est infest\u00e9 de pierres faussement d\u00e9clar\u00e9es, de fausses pierres ou de \"pierres pr\u00e9cieuses\" color\u00e9es et trait\u00e9es.<\/p>\n<p>La NEPHRITE est une actinolite \u00e0 fibres fines et \u00e0 feutres denses, dure et tenace. Sa couleur varie du vert clair au noir en passant par le vert fonc\u00e9.<\/p>\n<p>Cette pierre brute provient de la mine de Cassiar en Colombie-Britannique - Ouest - CANADA<\/p>\n<p>Poids : 2.70 kilogrammes Dimensions : 15 x 15 x 10 cm<\/p>","protected":false},"excerpt":{"rendered":"<p>Les vari\u00e9t\u00e9s de JADE reconnues internationalement ne comprennent que les min\u00e9raux NEPHRIT et JADEIT. Dans le commerce de bijoux en particulier, on vend en masse des pierres et des colliers en soi-disant CHINA JADE ou NEW JADE, mais ce n'est toujours que du SERPENTIN bon march\u00e9. En outre, on offre encore du PRASEM comme \"jade africain\" ou du Grossular plus grossier comme \"jade du Transvaal\", mais il y a aussi [...].<\/p>","protected":false},"featured_media":825,"template":"","meta":{"_acf_changed":false},"region":[],"product_brand":[],"product_cat":[15],"product_tag":[],"class_list":{"0":"post-824","1":"product","2":"type-product","3":"status-publish","4":"has-post-thumbnail","6":"product_cat-mineralien","8":"first","9":"outofstock","10":"sold-individually","11":"product-type-simple"},"acf":[],"_links":{"self":[{"href":"https:\/\/westgem.shop\/fr\/wp-json\/wp\/v2\/product\/824","targetHints":{"allow":["GET"]}}],"collection":[{"href":"https:\/\/westgem.shop\/fr\/wp-json\/wp\/v2\/product"}],"about":[{"href":"https:\/\/westgem.shop\/fr\/wp-json\/wp\/v2\/types\/product"}],"wp:featuredmedia":[{"embeddable":true,"href":"https:\/\/westgem.shop\/fr\/wp-json\/wp\/v2\/media\/825"}],"wp:attachment":[{"href":"https:\/\/westgem.shop\/fr\/wp-json\/wp\/v2\/media?parent=824"}],"wp:term":[{"taxonomy":"region","embeddable":true,"href":"https:\/\/westgem.shop\/fr\/wp-json\/wp\/v2\/region?post=824"},{"taxonomy":"product_brand","embeddable":true,"href":"https:\/\/westgem.shop\/fr\/wp-json\/wp\/v2\/product_brand?post=824"},{"taxonomy":"product_cat","embeddable":true,"href":"https:\/\/westgem.shop\/fr\/wp-json\/wp\/v2\/product_cat?post=824"},{"taxonomy":"product_tag","embeddable":true,"href":"https:\/\/westgem.shop\/fr\/wp-json\/wp\/v2\/product_tag?post=824"}],"curies":[{"name":"wp","href":"https:\/\/api.w.org\/{rel}","templated":true}]}}