{"id":828,"date":"2000-05-12T00:00:00","date_gmt":"2000-05-12T00:00:00","guid":{"rendered":"https:\/\/miners.rocks\/product\/190\/"},"modified":"2020-05-19T16:56:13","modified_gmt":"2020-05-19T16:56:13","slug":"platre-avec-soufre-golling","status":"publish","type":"product","link":"https:\/\/westgem.shop\/fr\/produit\/platre-avec-soufre-golling\/","title":{"rendered":"GIPS avec SCHWEFEL - GOLLING"},"content":{"rendered":"<p>Sur un calcaire - DOLOMITE de la formation du Gutenstein et une roche volcanique vieillie se trouvaient, dans une petite zone, des couches de s\u00e9diments de quelques cm d'\u00e9paisseur avec des SWEFELVORKOMEN. Il s'agit d'une pi\u00e8ce justificative rare.<\/p>\n<p>Poids : 320 g Dimensions : 12 x 9 x 4,5 cm<\/p>","protected":false},"excerpt":{"rendered":"<p>Sur un calcaire - DOLOMITE de la formation du Gutenstein et une roche volcanique vieillie se trouvaient, dans une petite zone, des couches de s\u00e9diments de quelques cm d'\u00e9paisseur avec des SWEFELVORKOMEN. Il s'agit d'une pi\u00e8ce justificative rare. Poids : 320 g Dimensions : 12 x 9 x 4,5 cm<\/p>","protected":false},"featured_media":829,"template":"","meta":{"_acf_changed":false},"region":[],"product_brand":[],"product_cat":[15],"product_tag":[],"class_list":{"0":"post-828","1":"product","2":"type-product","3":"status-publish","4":"has-post-thumbnail","6":"product_cat-mineralien","8":"first","9":"outofstock","10":"sold-individually","11":"product-type-simple"},"acf":[],"_links":{"self":[{"href":"https:\/\/westgem.shop\/fr\/wp-json\/wp\/v2\/product\/828","targetHints":{"allow":["GET"]}}],"collection":[{"href":"https:\/\/westgem.shop\/fr\/wp-json\/wp\/v2\/product"}],"about":[{"href":"https:\/\/westgem.shop\/fr\/wp-json\/wp\/v2\/types\/product"}],"wp:featuredmedia":[{"embeddable":true,"href":"https:\/\/westgem.shop\/fr\/wp-json\/wp\/v2\/media\/829"}],"wp:attachment":[{"href":"https:\/\/westgem.shop\/fr\/wp-json\/wp\/v2\/media?parent=828"}],"wp:term":[{"taxonomy":"region","embeddable":true,"href":"https:\/\/westgem.shop\/fr\/wp-json\/wp\/v2\/region?post=828"},{"taxonomy":"product_brand","embeddable":true,"href":"https:\/\/westgem.shop\/fr\/wp-json\/wp\/v2\/product_brand?post=828"},{"taxonomy":"product_cat","embeddable":true,"href":"https:\/\/westgem.shop\/fr\/wp-json\/wp\/v2\/product_cat?post=828"},{"taxonomy":"product_tag","embeddable":true,"href":"https:\/\/westgem.shop\/fr\/wp-json\/wp\/v2\/product_tag?post=828"}],"curies":[{"name":"wp","href":"https:\/\/api.w.org\/{rel}","templated":true}]}}